{"id":50627,"date":"2024-12-27T01:26:40","date_gmt":"2024-12-26T23:26:40","guid":{"rendered":"https:\/\/www.radiomarket.fi\/?post_type=product&#038;p=50627"},"modified":"2025-01-14T17:49:31","modified_gmt":"2025-01-14T15:49:31","slug":"ekub0776-ericsson-diavox-dbah-r2a","status":"publish","type":"product","link":"https:\/\/www.radiomarket.fi\/en\/kohde\/ekub0776-ericsson-diavox-dbah-r2a\/","title":{"rendered":"EKUB0776 Ericsson Diavox DBAH R2A"},"content":{"rendered":"<p>K\u00e4ytettyj\u00e4, p\u00e4\u00e4llisin puolin hyv\u00e4kuntoisia n\u00e4pp\u00e4inpuhelimia. Poistettu puhelinj\u00e4rjestelm\u00e4n vaihtuessa. Ulkoisesti siisteimm\u00e4t myyd\u00e4\u00e4n ensin. Viimeiseksi j\u00e4\u00e4viss\u00e4 tarraliima- ja tussimerkint\u00f6j\u00e4, ei n\u00e4kyvi\u00e4 kolhuja. Halutessasi lis\u00e4tietoja toimivuudesta osta &#8220;puhelimen testaus&#8221; lis\u00e4palvelu niin saat parhaan yksil\u00f6n.<\/p>","protected":false},"excerpt":{"rendered":"<p>K\u00e4ytettyj\u00e4, p\u00e4\u00e4llisin puolin hyv\u00e4kuntoisia n\u00e4pp\u00e4inpuhelimia. Poistettu puhelinj\u00e4rjestelm\u00e4n vaihtuessa. Ulkoisesti siisteimm\u00e4t myyd\u00e4\u00e4n ensin. Viimeiseksi j\u00e4\u00e4viss\u00e4 tarraliima- ja tussimerkint\u00f6j\u00e4, ei n\u00e4kyvi\u00e4 kolhuja. Halutessasi lis\u00e4tietoja toimivuudesta osta &#8220;puhelimen testaus&#8221; lis\u00e4palvelu niin saat parhaan yksil\u00f6n.<\/p>","protected":false},"featured_media":50631,"template":"","meta":[],"_links":{"self":[{"href":"https:\/\/www.radiomarket.fi\/en\/wp-json\/wp\/v2\/product\/50627"}],"collection":[{"href":"https:\/\/www.radiomarket.fi\/en\/wp-json\/wp\/v2\/product"}],"about":[{"href":"https:\/\/www.radiomarket.fi\/en\/wp-json\/wp\/v2\/types\/product"}],"wp:featuredmedia":[{"embeddable":true,"href":"https:\/\/www.radiomarket.fi\/en\/wp-json\/wp\/v2\/media\/50631"}],"wp:attachment":[{"href":"https:\/\/www.radiomarket.fi\/en\/wp-json\/wp\/v2\/media?parent=50627"}],"curies":[{"name":"wp","href":"https:\/\/api.w.org\/{rel}","templated":true}]}}