{"id":50632,"date":"2024-12-27T01:41:00","date_gmt":"2024-12-26T23:41:00","guid":{"rendered":"https:\/\/www.radiomarket.fi\/?post_type=product&#038;p=50632"},"modified":"2024-12-26T22:01:05","modified_gmt":"2024-12-26T20:01:05","slug":"puhelimen-testaus","status":"publish","type":"product","link":"https:\/\/www.radiomarket.fi\/en\/kohde\/puhelimen-testaus\/","title":{"rendered":"Puhelimen testaus"},"content":{"rendered":"<p>Halutessasi lis\u00e4tietoja valitsemasi lankapuhelinkoneen (AT-puhelin) toimivuudesta osta &#8220;puhelimen testaus&#8221; lis\u00e4palvelu niin saat parhaan yksil\u00f6n. Huomaa, ett\u00e4 t\u00e4m\u00e4 palvelu voi viivytt\u00e4\u00e4 tilaamasi puhelimen toimitusta. T\u00e4m\u00e4n palvelun voi saada vain tilatessaan samalla kertaa puhelinkoneen.<\/p>","protected":false},"excerpt":{"rendered":"<p>Halutessasi lis\u00e4tietoja valitsemasi lankapuhelinkoneen (AT-puhelin) toimivuudesta osta &#8220;puhelimen testaus&#8221; lis\u00e4palvelu niin saat parhaan yksil\u00f6n. Huomaa, ett\u00e4 t\u00e4m\u00e4 palvelu voi viivytt\u00e4\u00e4 tilaamasi puhelimen toimitusta. T\u00e4m\u00e4n palvelun voi saada vain tilatessaan samalla kertaa puhelinkoneen.<\/p>","protected":false},"featured_media":50633,"template":"","meta":[],"_links":{"self":[{"href":"https:\/\/www.radiomarket.fi\/en\/wp-json\/wp\/v2\/product\/50632"}],"collection":[{"href":"https:\/\/www.radiomarket.fi\/en\/wp-json\/wp\/v2\/product"}],"about":[{"href":"https:\/\/www.radiomarket.fi\/en\/wp-json\/wp\/v2\/types\/product"}],"wp:featuredmedia":[{"embeddable":true,"href":"https:\/\/www.radiomarket.fi\/en\/wp-json\/wp\/v2\/media\/50633"}],"wp:attachment":[{"href":"https:\/\/www.radiomarket.fi\/en\/wp-json\/wp\/v2\/media?parent=50632"}],"curies":[{"name":"wp","href":"https:\/\/api.w.org\/{rel}","templated":true}]}}