{"id":50742,"date":"2025-01-15T11:45:57","date_gmt":"2025-01-15T09:45:57","guid":{"rendered":"https:\/\/www.radiomarket.fi\/?post_type=product&#038;p=50742"},"modified":"2025-12-16T13:04:09","modified_gmt":"2025-12-16T11:04:09","slug":"ekum0779-tunnistamaton-wehrmacht-kolmetappinen-liitin","status":"publish","type":"product","link":"https:\/\/www.radiomarket.fi\/en\/kohde\/ekum0779-tunnistamaton-wehrmacht-kolmetappinen-liitin\/","title":{"rendered":"EKUM0779 tunnistamaton Wehrmacht kolmehylsyinen liitin"},"content":{"rendered":"<p>Saksalaisesta sotaradiosta se on per\u00e4isin, mutta mist\u00e4? Hylsykoskettimet. Wehrmacht Luftwaffe Stecker 3 pin<\/p>","protected":false},"excerpt":{"rendered":"<p>Kirjetoimitusluokan tuotteita samaan tilaukseen yhdistett\u00e4ess\u00e4 lis\u00e4tuotteet nostavat perustoimituskulua vain joitakin kymmeni\u00e4 senttej\u00e4 (tammikuu 2025 postin hinnoittelun mukaan).<\/p>","protected":false},"featured_media":50784,"template":"","meta":[],"_links":{"self":[{"href":"https:\/\/www.radiomarket.fi\/en\/wp-json\/wp\/v2\/product\/50742"}],"collection":[{"href":"https:\/\/www.radiomarket.fi\/en\/wp-json\/wp\/v2\/product"}],"about":[{"href":"https:\/\/www.radiomarket.fi\/en\/wp-json\/wp\/v2\/types\/product"}],"wp:featuredmedia":[{"embeddable":true,"href":"https:\/\/www.radiomarket.fi\/en\/wp-json\/wp\/v2\/media\/50784"}],"wp:attachment":[{"href":"https:\/\/www.radiomarket.fi\/en\/wp-json\/wp\/v2\/media?parent=50742"}],"curies":[{"name":"wp","href":"https:\/\/api.w.org\/{rel}","templated":true}]}}