{"id":50751,"date":"2025-01-15T13:28:53","date_gmt":"2025-01-15T11:28:53","guid":{"rendered":"https:\/\/www.radiomarket.fi\/?post_type=product&#038;p=50751"},"modified":"2025-01-15T21:13:10","modified_gmt":"2025-01-15T19:13:10","slug":"ekub0785-ericsson-197-nmt-autopuhelinlaturi","status":"publish","type":"product","link":"https:\/\/www.radiomarket.fi\/en\/kohde\/ekub0785-ericsson-197-nmt-autopuhelinlaturi\/","title":{"rendered":"EKUB0785 Ericsson 197 NMT autopuhelinlaturi"},"content":{"rendered":"<p>Tarvikelaturi Ericsson 197 -puhelimeen, mahdollisesti muihinkin malleihin. Tupakansytytinlaturi.<\/p>","protected":false},"excerpt":{"rendered":"<p>Kirjetoimitusluokan tuotteita samaan tilaukseen yhdistett\u00e4ess\u00e4 lis\u00e4tuotteet nostavat perustoimituskulua vain joitakin kymmeni\u00e4 senttej\u00e4 (vuoden 2024 postin hinnoittelun mukaan).<\/p>","protected":false},"featured_media":50814,"template":"","meta":[],"_links":{"self":[{"href":"https:\/\/www.radiomarket.fi\/en\/wp-json\/wp\/v2\/product\/50751"}],"collection":[{"href":"https:\/\/www.radiomarket.fi\/en\/wp-json\/wp\/v2\/product"}],"about":[{"href":"https:\/\/www.radiomarket.fi\/en\/wp-json\/wp\/v2\/types\/product"}],"wp:featuredmedia":[{"embeddable":true,"href":"https:\/\/www.radiomarket.fi\/en\/wp-json\/wp\/v2\/media\/50814"}],"wp:attachment":[{"href":"https:\/\/www.radiomarket.fi\/en\/wp-json\/wp\/v2\/media?parent=50751"}],"curies":[{"name":"wp","href":"https:\/\/api.w.org\/{rel}","templated":true}]}}