{"id":50863,"date":"2025-01-19T16:14:44","date_gmt":"2025-01-19T14:14:44","guid":{"rendered":"https:\/\/www.radiomarket.fi\/?post_type=product&#038;p=50863"},"modified":"2025-02-11T16:47:05","modified_gmt":"2025-02-11T14:47:05","slug":"ekub0790-panasonic-digi-tv-av-kaukosaadin","status":"publish","type":"product","link":"https:\/\/www.radiomarket.fi\/en\/kohde\/ekub0790-panasonic-digi-tv-av-kaukosaadin\/","title":{"rendered":"EKUB0791 Panasonic digi-TV\/AV-kaukos\u00e4\u00e4din"},"content":{"rendered":"<p>Ulkoisesti virheet\u00f6n ja kaiken lis\u00e4ksi toimiva, testattu 1\/2025.<\/p>","protected":false},"excerpt":{"rendered":"<p>Ulkoisesti virheet\u00f6n ja kaiken lis\u00e4ksi toimiva, testattu 1\/2025.<\/p>","protected":false},"featured_media":50865,"template":"","meta":[],"_links":{"self":[{"href":"https:\/\/www.radiomarket.fi\/en\/wp-json\/wp\/v2\/product\/50863"}],"collection":[{"href":"https:\/\/www.radiomarket.fi\/en\/wp-json\/wp\/v2\/product"}],"about":[{"href":"https:\/\/www.radiomarket.fi\/en\/wp-json\/wp\/v2\/types\/product"}],"wp:featuredmedia":[{"embeddable":true,"href":"https:\/\/www.radiomarket.fi\/en\/wp-json\/wp\/v2\/media\/50865"}],"wp:attachment":[{"href":"https:\/\/www.radiomarket.fi\/en\/wp-json\/wp\/v2\/media?parent=50863"}],"curies":[{"name":"wp","href":"https:\/\/api.w.org\/{rel}","templated":true}]}}