{"id":50980,"date":"2025-01-29T16:35:31","date_gmt":"2025-01-29T14:35:31","guid":{"rendered":"https:\/\/www.radiomarket.fi\/?post_type=product&#038;p=50980"},"modified":"2025-01-30T14:36:59","modified_gmt":"2025-01-30T12:36:59","slug":"uf80-elektroniputki-tulossa","status":"publish","type":"product","link":"https:\/\/www.radiomarket.fi\/en\/kohde\/uf80-elektroniputki-tulossa\/","title":{"rendered":"UF80 elektroniputki Siemens (EKUS)"},"content":{"rendered":"<p>Uusi radioputki. SRHS:n j\u00e4senille saatavilla erisuuruisia alennuksia, ilmoita j\u00e4senyydest\u00e4si tilauksen yhteydess\u00e4.<\/p>","protected":false},"excerpt":{"rendered":"<p>Kirjetoimitusluokan tuotteita samaan tilaukseen yhdistett\u00e4ess\u00e4 lis\u00e4tuotteet nostavat perustoimituskulua vain joitakin kymmeni\u00e4 senttej\u00e4 (1\/2025 postin hinnoittelun mukaan).<\/p>","protected":false},"featured_media":17169,"template":"","meta":[],"_links":{"self":[{"href":"https:\/\/www.radiomarket.fi\/en\/wp-json\/wp\/v2\/product\/50980"}],"collection":[{"href":"https:\/\/www.radiomarket.fi\/en\/wp-json\/wp\/v2\/product"}],"about":[{"href":"https:\/\/www.radiomarket.fi\/en\/wp-json\/wp\/v2\/types\/product"}],"wp:featuredmedia":[{"embeddable":true,"href":"https:\/\/www.radiomarket.fi\/en\/wp-json\/wp\/v2\/media\/17169"}],"wp:attachment":[{"href":"https:\/\/www.radiomarket.fi\/en\/wp-json\/wp\/v2\/media?parent=50980"}],"curies":[{"name":"wp","href":"https:\/\/api.w.org\/{rel}","templated":true}]}}