{"id":51013,"date":"2025-02-06T16:27:58","date_gmt":"2025-02-06T14:27:58","guid":{"rendered":"https:\/\/www.radiomarket.fi\/?post_type=product&#038;p=51013"},"modified":"2025-11-08T11:24:02","modified_gmt":"2025-11-08T09:24:02","slug":"eaf801-elektroniputki-nos-eri-valmistajia-ekus","status":"publish","type":"product","link":"https:\/\/www.radiomarket.fi\/en\/kohde\/eaf801-elektroniputki-nos-eri-valmistajia-ekus\/","title":{"rendered":"EAF801 elektroniputki NOS eri valmistajia (EKUS)"},"content":{"rendered":"<p>Valmistaja voi vaihdella. <br \/><br \/>Teonex 2 kpl<br \/>Telefunken 2 kpl (RAPM ja SRHS)<br \/><br \/>K\u00e4ytetyt eri tuotteella. SRHS:n j\u00e4senille saatavilla erisuuruisia alennuksia s\u00e4hk\u00f6postilla tilattaessa.<\/p>","protected":false},"excerpt":{"rendered":"<p>Kirjetoimitustuotteita kannattaa tilata kerralla useampiakin, lis\u00e4tuote nostaa postikuluja vain 10 snt\/tuote vuoden 2025 tilanteen mukaan.<\/p>","protected":false},"featured_media":17169,"template":"","meta":[],"_links":{"self":[{"href":"https:\/\/www.radiomarket.fi\/en\/wp-json\/wp\/v2\/product\/51013"}],"collection":[{"href":"https:\/\/www.radiomarket.fi\/en\/wp-json\/wp\/v2\/product"}],"about":[{"href":"https:\/\/www.radiomarket.fi\/en\/wp-json\/wp\/v2\/types\/product"}],"wp:featuredmedia":[{"embeddable":true,"href":"https:\/\/www.radiomarket.fi\/en\/wp-json\/wp\/v2\/media\/17169"}],"wp:attachment":[{"href":"https:\/\/www.radiomarket.fi\/en\/wp-json\/wp\/v2\/media?parent=51013"}],"curies":[{"name":"wp","href":"https:\/\/api.w.org\/{rel}","templated":true}]}}