{"id":51046,"date":"2025-02-11T15:33:00","date_gmt":"2025-02-11T13:33:00","guid":{"rendered":"https:\/\/www.radiomarket.fi\/?post_type=product&#038;p=51046"},"modified":"2025-02-25T20:04:59","modified_gmt":"2025-02-25T18:04:59","slug":"ekum0788-artas-2xaa-taskulamppu-linssipolttimolle-varaosiksi","status":"publish","type":"product","link":"https:\/\/www.radiomarket.fi\/en\/kohde\/ekum0788-artas-2xaa-taskulamppu-linssipolttimolle-varaosiksi\/","title":{"rendered":"EKUM0788 Artas 2xAA taskulamppu linssipolttimolle varaosiksi"},"content":{"rendered":"<p>K\u00e4ytetty pienoistaskulamppu varaosiksi, kytkin puuttuu.<\/p>","protected":false},"excerpt":{"rendered":"<p>Kirjetoimitustuotteita kannattaa tilata useampi kerralla, lis\u00e4tuote nostaa postikulun osuutta vain kymmenell\u00e4 sentill\u00e4 (helmikuun 2025 tilanne, voi my\u00f6hemmin muuttua).<\/p>","protected":false},"featured_media":51061,"template":"","meta":[],"_links":{"self":[{"href":"https:\/\/www.radiomarket.fi\/en\/wp-json\/wp\/v2\/product\/51046"}],"collection":[{"href":"https:\/\/www.radiomarket.fi\/en\/wp-json\/wp\/v2\/product"}],"about":[{"href":"https:\/\/www.radiomarket.fi\/en\/wp-json\/wp\/v2\/types\/product"}],"wp:featuredmedia":[{"embeddable":true,"href":"https:\/\/www.radiomarket.fi\/en\/wp-json\/wp\/v2\/media\/51061"}],"wp:attachment":[{"href":"https:\/\/www.radiomarket.fi\/en\/wp-json\/wp\/v2\/media?parent=51046"}],"curies":[{"name":"wp","href":"https:\/\/api.w.org\/{rel}","templated":true}]}}