{"id":51059,"date":"2025-02-13T16:54:47","date_gmt":"2025-02-13T14:54:47","guid":{"rendered":"https:\/\/www.radiomarket.fi\/?post_type=product&#038;p=51059"},"modified":"2025-02-13T17:10:37","modified_gmt":"2025-02-13T15:10:37","slug":"ebf83-siemens-elektroniputki","status":"publish","type":"product","link":"https:\/\/www.radiomarket.fi\/en\/kohde\/ebf83-siemens-elektroniputki\/","title":{"rendered":"EBF83 Siemens elektroniputki (EKUS)"},"content":{"rendered":"<p>SRHS:n j\u00e4senille saatavilla erisuuruisia alennuksia, ilmoita j\u00e4senyydest\u00e4si tilauksen yhteydess\u00e4.<\/p>","protected":false},"excerpt":{"rendered":"<p>Kirjetoimitustuotteita kannattaa tilata kerralla useampiakin, lis\u00e4tuote nostaa postikuluja vain 10 snt\/tuote vuoden 2025 tilanteen mukaan.<\/p>","protected":false},"featured_media":17169,"template":"","meta":[],"_links":{"self":[{"href":"https:\/\/www.radiomarket.fi\/en\/wp-json\/wp\/v2\/product\/51059"}],"collection":[{"href":"https:\/\/www.radiomarket.fi\/en\/wp-json\/wp\/v2\/product"}],"about":[{"href":"https:\/\/www.radiomarket.fi\/en\/wp-json\/wp\/v2\/types\/product"}],"wp:featuredmedia":[{"embeddable":true,"href":"https:\/\/www.radiomarket.fi\/en\/wp-json\/wp\/v2\/media\/17169"}],"wp:attachment":[{"href":"https:\/\/www.radiomarket.fi\/en\/wp-json\/wp\/v2\/media?parent=51059"}],"curies":[{"name":"wp","href":"https:\/\/api.w.org\/{rel}","templated":true}]}}