{"id":51129,"date":"2025-02-18T11:01:08","date_gmt":"2025-02-18T09:01:08","guid":{"rendered":"https:\/\/www.radiomarket.fi\/?post_type=product&#038;p=51129"},"modified":"2025-03-16T11:01:43","modified_gmt":"2025-03-16T09:01:43","slug":"ekum0902-kondensaattorivalikoima","status":"publish","type":"product","link":"https:\/\/www.radiomarket.fi\/en\/kohde\/ekum0902-kondensaattorivalikoima\/","title":{"rendered":"EKUM0902 Kondensaattorivalikoima"},"content":{"rendered":"<p>Uusia ja k\u00e4ytettyj\u00e4 kondensaattoreita, lajitelma harrastajan j\u00e4\u00e4mist\u00f6st\u00e4.<\/p>","protected":false},"excerpt":{"rendered":"<p>Uusia ja k\u00e4ytettyj\u00e4 kondensaattoreita, lajitelma harrastajan j\u00e4\u00e4mist\u00f6st\u00e4.<\/p>","protected":false},"featured_media":51130,"template":"","meta":[],"_links":{"self":[{"href":"https:\/\/www.radiomarket.fi\/en\/wp-json\/wp\/v2\/product\/51129"}],"collection":[{"href":"https:\/\/www.radiomarket.fi\/en\/wp-json\/wp\/v2\/product"}],"about":[{"href":"https:\/\/www.radiomarket.fi\/en\/wp-json\/wp\/v2\/types\/product"}],"wp:featuredmedia":[{"embeddable":true,"href":"https:\/\/www.radiomarket.fi\/en\/wp-json\/wp\/v2\/media\/51130"}],"wp:attachment":[{"href":"https:\/\/www.radiomarket.fi\/en\/wp-json\/wp\/v2\/media?parent=51129"}],"curies":[{"name":"wp","href":"https:\/\/api.w.org\/{rel}","templated":true}]}}