{"id":51131,"date":"2025-02-18T11:48:24","date_gmt":"2025-02-18T09:48:24","guid":{"rendered":"https:\/\/www.radiomarket.fi\/?post_type=product&#038;p=51131"},"modified":"2025-08-14T10:51:58","modified_gmt":"2025-08-14T07:51:58","slug":"ekum0901-mig-21-sahkoinen-huoltomittari-0-360","status":"publish","type":"product","link":"https:\/\/www.radiomarket.fi\/en\/kohde\/ekum0901-mig-21-sahkoinen-huoltomittari-0-360\/","title":{"rendered":"EKUM0901 Mig 21 s\u00e4hk\u00f6inen huoltomittari 0-360"},"content":{"rendered":"<p>Onko t\u00e4m\u00e4 radiokompassin huoltomittari?<\/p>","protected":false},"excerpt":{"rendered":"<p>Onko t\u00e4m\u00e4 radiokompassin huoltomittari?<\/p>","protected":false},"featured_media":51133,"template":"","meta":[],"_links":{"self":[{"href":"https:\/\/www.radiomarket.fi\/en\/wp-json\/wp\/v2\/product\/51131"}],"collection":[{"href":"https:\/\/www.radiomarket.fi\/en\/wp-json\/wp\/v2\/product"}],"about":[{"href":"https:\/\/www.radiomarket.fi\/en\/wp-json\/wp\/v2\/types\/product"}],"wp:featuredmedia":[{"embeddable":true,"href":"https:\/\/www.radiomarket.fi\/en\/wp-json\/wp\/v2\/media\/51133"}],"wp:attachment":[{"href":"https:\/\/www.radiomarket.fi\/en\/wp-json\/wp\/v2\/media?parent=51131"}],"curies":[{"name":"wp","href":"https:\/\/api.w.org\/{rel}","templated":true}]}}