{"id":51153,"date":"2025-02-20T11:11:30","date_gmt":"2025-02-20T09:11:30","guid":{"rendered":"https:\/\/www.radiomarket.fi\/?post_type=product&#038;p=51153"},"modified":"2025-02-25T15:58:49","modified_gmt":"2025-02-25T13:58:49","slug":"uf89-elektroniputki-nos","status":"publish","type":"product","link":"https:\/\/www.radiomarket.fi\/en\/kohde\/uf89-elektroniputki-nos\/","title":{"rendered":"UF89 elektroniputki NOS (EKUS)"},"content":{"rendered":"<p>SRHS:n j\u00e4senille saatavilla erisuuruisia alennuksia s\u00e4hk\u00f6postilla tilattaessa.<\/p>","protected":false},"excerpt":{"rendered":"<p>Kirjetoimitus<\/p>","protected":false},"featured_media":51154,"template":"","meta":[],"_links":{"self":[{"href":"https:\/\/www.radiomarket.fi\/en\/wp-json\/wp\/v2\/product\/51153"}],"collection":[{"href":"https:\/\/www.radiomarket.fi\/en\/wp-json\/wp\/v2\/product"}],"about":[{"href":"https:\/\/www.radiomarket.fi\/en\/wp-json\/wp\/v2\/types\/product"}],"wp:featuredmedia":[{"embeddable":true,"href":"https:\/\/www.radiomarket.fi\/en\/wp-json\/wp\/v2\/media\/51154"}],"wp:attachment":[{"href":"https:\/\/www.radiomarket.fi\/en\/wp-json\/wp\/v2\/media?parent=51153"}],"curies":[{"name":"wp","href":"https:\/\/api.w.org\/{rel}","templated":true}]}}