{"id":51188,"date":"2025-02-25T19:52:57","date_gmt":"2025-02-25T17:52:57","guid":{"rendered":"https:\/\/www.radiomarket.fi\/?post_type=product&#038;p=51188"},"modified":"2025-03-18T13:27:21","modified_gmt":"2025-03-18T11:27:21","slug":"ekub0792-poistoilmasuodattimet-volta-u210-u220-u223-u230-nos","status":"publish","type":"product","link":"https:\/\/www.radiomarket.fi\/en\/kohde\/ekub0792-poistoilmasuodattimet-volta-u210-u220-u223-u230-nos\/","title":{"rendered":"EKUB0792 suodattimet Volta U210, U220, U223, U230 modattavaksi NOS"},"content":{"rendered":"<p>Leikkaa n\u00e4ist\u00e4 sopivat poistoilmasuodattimet omaan imuriisi. Mitat 11 x 14,5 cm. Ruotsalaista laatua. Yksi er\u00e4 13 suodatinta.<\/p>","protected":false},"excerpt":{"rendered":"<p>Kirjetoimitustuotteita kannattaa tilata useampi kerralla, lis\u00e4tuote nostaa postikulun osuutta vain kymmenell\u00e4 sentill\u00e4 (helmikuun 2025 tilanne).<\/p>","protected":false},"featured_media":51189,"template":"","meta":[],"_links":{"self":[{"href":"https:\/\/www.radiomarket.fi\/en\/wp-json\/wp\/v2\/product\/51188"}],"collection":[{"href":"https:\/\/www.radiomarket.fi\/en\/wp-json\/wp\/v2\/product"}],"about":[{"href":"https:\/\/www.radiomarket.fi\/en\/wp-json\/wp\/v2\/types\/product"}],"wp:featuredmedia":[{"embeddable":true,"href":"https:\/\/www.radiomarket.fi\/en\/wp-json\/wp\/v2\/media\/51189"}],"wp:attachment":[{"href":"https:\/\/www.radiomarket.fi\/en\/wp-json\/wp\/v2\/media?parent=51188"}],"curies":[{"name":"wp","href":"https:\/\/api.w.org\/{rel}","templated":true}]}}