{"id":51207,"date":"2025-08-26T16:38:27","date_gmt":"2025-08-26T13:38:27","guid":{"rendered":"https:\/\/www.radiomarket.fi\/?post_type=product&#038;p=51207"},"modified":"2025-08-26T15:54:24","modified_gmt":"2025-08-26T12:54:24","slug":"ekum0901-yritystele-1992-ehyt-yrityspuhelinluettelo","status":"publish","type":"product","link":"https:\/\/www.radiomarket.fi\/en\/kohde\/ekum0901-yritystele-1992-ehyt-yrityspuhelinluettelo\/","title":{"rendered":"EKUM0905 Yritystele 1992 ehyt yrityspuhelinluettelo"},"content":{"rendered":"<p>Liki 800 sivua suomalaisia yrityksi\u00e4. Kannessa teipin pala. T\u00e4st\u00e4 voidaan luopua, koska museon kirja-arkistossa on jo sama teos.<\/p>","protected":false},"excerpt":{"rendered":"<p>Liki 800 sivua suomalaisia yrityksi\u00e4. Kannessa teipin pala. T\u00e4st\u00e4 voidaan luopua, koska museon kirja-arkistossa on jo sama teos.<\/p>","protected":false},"featured_media":51208,"template":"","meta":[],"_links":{"self":[{"href":"https:\/\/www.radiomarket.fi\/en\/wp-json\/wp\/v2\/product\/51207"}],"collection":[{"href":"https:\/\/www.radiomarket.fi\/en\/wp-json\/wp\/v2\/product"}],"about":[{"href":"https:\/\/www.radiomarket.fi\/en\/wp-json\/wp\/v2\/types\/product"}],"wp:featuredmedia":[{"embeddable":true,"href":"https:\/\/www.radiomarket.fi\/en\/wp-json\/wp\/v2\/media\/51208"}],"wp:attachment":[{"href":"https:\/\/www.radiomarket.fi\/en\/wp-json\/wp\/v2\/media?parent=51207"}],"curies":[{"name":"wp","href":"https:\/\/api.w.org\/{rel}","templated":true}]}}