{"id":51243,"date":"2025-03-03T18:36:48","date_gmt":"2025-03-03T16:36:48","guid":{"rendered":"https:\/\/www.radiomarket.fi\/?post_type=product&#038;p=51243"},"modified":"2025-03-03T18:44:02","modified_gmt":"2025-03-03T16:44:02","slug":"ekum0910-suomen-kuvalehden-vuosikirja-1930","status":"publish","type":"product","link":"https:\/\/www.radiomarket.fi\/en\/kohde\/ekum0910-suomen-kuvalehden-vuosikirja-1930\/","title":{"rendered":"EKUM0910 Suomen Kuvalehden vuosikirja 1930"},"content":{"rendered":"<p>Hyv\u00e4kuntoinen pokkarikalenteri koossa A6, vain kirjatilauslomake leikattu irti.<\/p>","protected":false},"excerpt":{"rendered":"<p>irjetoimitustuotteita kannattaa tilata useampi kerralla, lis\u00e4tuote nostaa postikulun osuutta vain kymmenell\u00e4 sentill\u00e4 (helmikuun 2025 tilanne).<\/p>","protected":false},"featured_media":51245,"template":"","meta":[],"_links":{"self":[{"href":"https:\/\/www.radiomarket.fi\/en\/wp-json\/wp\/v2\/product\/51243"}],"collection":[{"href":"https:\/\/www.radiomarket.fi\/en\/wp-json\/wp\/v2\/product"}],"about":[{"href":"https:\/\/www.radiomarket.fi\/en\/wp-json\/wp\/v2\/types\/product"}],"wp:featuredmedia":[{"embeddable":true,"href":"https:\/\/www.radiomarket.fi\/en\/wp-json\/wp\/v2\/media\/51245"}],"wp:attachment":[{"href":"https:\/\/www.radiomarket.fi\/en\/wp-json\/wp\/v2\/media?parent=51243"}],"curies":[{"name":"wp","href":"https:\/\/api.w.org\/{rel}","templated":true}]}}