{"id":51294,"date":"2025-03-11T15:43:59","date_gmt":"2025-03-11T13:43:59","guid":{"rendered":"https:\/\/www.radiomarket.fi\/?post_type=product&#038;p=51294"},"modified":"2025-03-11T16:28:49","modified_gmt":"2025-03-11T14:28:49","slug":"uf21-elektroniputki-philips-nos-ekus","status":"publish","type":"product","link":"https:\/\/www.radiomarket.fi\/en\/kohde\/uf21-elektroniputki-philips-nos-ekus\/","title":{"rendered":"UF21 elektroniputki Philips NOS (EKUS)"},"content":{"rendered":"<p>Huom! Ei aikakauden Philips-putkelle tyypillisess\u00e4 pahvipakkauksessa. Koko er\u00e4 uutta putkea pakattu yksitt\u00e4in ruskeisiin paperik\u00e4\u00e4reisiin. <br \/><br \/>SRHS:n j\u00e4senille saatavilla erisuuruisia alennuksia, ilmoita j\u00e4senyydest\u00e4si tilauksen yhteydess\u00e4.<\/p>","protected":false},"excerpt":{"rendered":"<p>Huom! Ei aikakauden Philips-putkelle tyypillisess\u00e4 pahvipakkauksessa. Koko er\u00e4 uutta putkea pakattu yksitt\u00e4in ruskeisiin paperik\u00e4\u00e4reisiin. SRHS:n j\u00e4senille saatavilla erisuuruisia alennuksia, ilmoita j\u00e4senyydest\u00e4si tilauksen yhteydess\u00e4.<\/p>","protected":false},"featured_media":17169,"template":"","meta":[],"_links":{"self":[{"href":"https:\/\/www.radiomarket.fi\/en\/wp-json\/wp\/v2\/product\/51294"}],"collection":[{"href":"https:\/\/www.radiomarket.fi\/en\/wp-json\/wp\/v2\/product"}],"about":[{"href":"https:\/\/www.radiomarket.fi\/en\/wp-json\/wp\/v2\/types\/product"}],"wp:featuredmedia":[{"embeddable":true,"href":"https:\/\/www.radiomarket.fi\/en\/wp-json\/wp\/v2\/media\/17169"}],"wp:attachment":[{"href":"https:\/\/www.radiomarket.fi\/en\/wp-json\/wp\/v2\/media?parent=51294"}],"curies":[{"name":"wp","href":"https:\/\/api.w.org\/{rel}","templated":true}]}}