{"id":51331,"date":"2025-03-20T11:44:51","date_gmt":"2025-03-20T09:44:51","guid":{"rendered":"https:\/\/www.radiomarket.fi\/?post_type=product&#038;p=51331"},"modified":"2025-06-02T00:30:43","modified_gmt":"2025-06-01T21:30:43","slug":"ekub0793-lego-radio-nos","status":"publish","type":"product","link":"https:\/\/www.radiomarket.fi\/en\/kohde\/ekub0793-lego-radio-nos\/","title":{"rendered":"EKUB0793 LEGO-radio NOS"},"content":{"rendered":"<p>T\u00e4m\u00e4n punaisen ULA-keskiaalto-radion mittakaava on 10x perusrakennuspalikka. My\u00f6s n\u00e4ill\u00e4 voi rakentaa. Pakkauksessa hintalappu, muuten avaamaton pakkaus.<\/p>","protected":false},"excerpt":{"rendered":"<p>T\u00e4m\u00e4n punaisen ULA-keskiaalto-radion mittakaava on 10x perusrakennuspalikka. My\u00f6s n\u00e4ill\u00e4 voi rakentaa. Pakkauksessa hintalappu, muuten avaamaton pakkaus.<\/p>","protected":false},"featured_media":51334,"template":"","meta":[],"_links":{"self":[{"href":"https:\/\/www.radiomarket.fi\/en\/wp-json\/wp\/v2\/product\/51331"}],"collection":[{"href":"https:\/\/www.radiomarket.fi\/en\/wp-json\/wp\/v2\/product"}],"about":[{"href":"https:\/\/www.radiomarket.fi\/en\/wp-json\/wp\/v2\/types\/product"}],"wp:featuredmedia":[{"embeddable":true,"href":"https:\/\/www.radiomarket.fi\/en\/wp-json\/wp\/v2\/media\/51334"}],"wp:attachment":[{"href":"https:\/\/www.radiomarket.fi\/en\/wp-json\/wp\/v2\/media?parent=51331"}],"curies":[{"name":"wp","href":"https:\/\/api.w.org\/{rel}","templated":true}]}}