{"id":51360,"date":"2025-03-22T09:31:06","date_gmt":"2025-03-22T07:31:06","guid":{"rendered":"https:\/\/www.radiomarket.fi\/?post_type=product&#038;p=51360"},"modified":"2025-11-24T13:42:36","modified_gmt":"2025-11-24T11:42:36","slug":"ekus0343-radiot-lehti-1-2025","status":"publish","type":"product","link":"https:\/\/www.radiomarket.fi\/en\/kohde\/ekus0343-radiot-lehti-1-2025\/","title":{"rendered":"EKUS0343 Radiot-lehti 1\/2025"},"content":{"rendered":"<p>Suomen Radiohistoriallinen Seura ry:n julkaisema SRHS-j\u00e4senlehti 1\/2025 (3.3.2025). Seuran j\u00e4senille lehdist\u00e4 50% j\u00e4senalennus, jos haluat j\u00e4senalennuksen, tilaa haluamasi numerot s\u00e4hk\u00f6postitse.<br \/><br \/><strong>T\u00e4ss\u00e4 numerossa:<\/strong><br \/><br \/>Prominent 203. It\u00e4saksalainen transistoriradio 1970- luvun puoliv\u00e4list\u00e4. (Kauko Viitanen)<br \/>Kokouskutsu<br \/>P\u00e4\u00e4kirjoitus (Teppo Gustafsson)<br \/>Mietiskely\u00e4 yleismittarista (Heikki Marttila)<br \/>Viel\u00e4 juottimista (Vilho Manninen)<br \/>Kuinka laskea mekaanisesti (Heikki Marttila)<br \/>Logiikasta (Heikki Marttila)<br \/>Hiukan vedyst\u00e4 (Heikki Marttila)<br \/>Radioasemien inventaarioluettelot (Heikki Marttila)<br \/>Oskilloskoopit \u2013 onko tietoa (Heikki Marttila)<br \/>Helvar Standard Celeston 5326W (Heikki Rinnemaa)<br \/>Kolme radiota valtameren takaa, kolme tarinaa (Kari<br \/>Ruokonen)<br \/>Historiapalsta (Heikki Rinnemaa)<br \/>Suomen Dx-Liitto<br \/>RTS<br \/>Sotilasradiop\u00e4iv\u00e4 2025<br \/>Radioristikko 1\/2025<br \/>Philipsin punaiset ja Telefunkenin ter\u00e4ksiset putket<br \/>(Kauko Viitanen)<br \/><br \/>Varastosaldoon on laskettu uudet ja k\u00e4ytetyt lehdet. Uudet lehdet myyd\u00e4\u00e4n ensin.\u00a0<\/p>","protected":false},"excerpt":{"rendered":"<p>Loppuunmyydyksi merkittyjen lehtien yksitt\u00e4isist\u00e4 artikkeleista voi tiedustella kopioita tai skannauksia. Kirjetoimitusluokan tuotteita samaan tilaukseen yhdistett\u00e4ess\u00e4 lis\u00e4tuotteet nostavat perustoimituskulua vain joitakin kymmeni\u00e4 senttej\u00e4 (vuoden 2024 postin hinnoittelun mukaan).<\/p>","protected":false},"featured_media":51362,"template":"","meta":[],"_links":{"self":[{"href":"https:\/\/www.radiomarket.fi\/en\/wp-json\/wp\/v2\/product\/51360"}],"collection":[{"href":"https:\/\/www.radiomarket.fi\/en\/wp-json\/wp\/v2\/product"}],"about":[{"href":"https:\/\/www.radiomarket.fi\/en\/wp-json\/wp\/v2\/types\/product"}],"wp:featuredmedia":[{"embeddable":true,"href":"https:\/\/www.radiomarket.fi\/en\/wp-json\/wp\/v2\/media\/51362"}],"wp:attachment":[{"href":"https:\/\/www.radiomarket.fi\/en\/wp-json\/wp\/v2\/media?parent=51360"}],"curies":[{"name":"wp","href":"https:\/\/api.w.org\/{rel}","templated":true}]}}