{"id":51440,"date":"2025-04-11T19:25:22","date_gmt":"2025-04-11T16:25:22","guid":{"rendered":"https:\/\/www.radiomarket.fi\/?post_type=product&#038;p=51440"},"modified":"2025-04-24T14:06:36","modified_gmt":"2025-04-24T11:06:36","slug":"ekub0796-volvo-343-korjausopas-englanniksi","status":"publish","type":"product","link":"https:\/\/www.radiomarket.fi\/en\/kohde\/ekub0796-volvo-343-korjausopas-englanniksi\/","title":{"rendered":"EKUB0796 Volvo 343&amp;345 korjausopas englanniksi"},"content":{"rendered":"<p>Konepellin alla luettu, mutta t\u00e4ydellinen Hollannin variaattori- ja k\u00e4sivaihde-Volvon korjausk\u00e4sikirja Haynesilta. Volvo 343 and 345 workshop manual. Vuoden 1982 painos. Noin 208 sivua.<\/p>","protected":false},"excerpt":{"rendered":"<p>Konepellin alla luettu, mutta t\u00e4ydellinen Hollannin variaattori- ja k\u00e4sivaihde-Volvon korjausk\u00e4sikirja Haynesilta. Volvo 343 and 345 workshop manual. Vuoden 1982 painos. Noin 208 sivua.<\/p>","protected":false},"featured_media":51445,"template":"","meta":[],"_links":{"self":[{"href":"https:\/\/www.radiomarket.fi\/en\/wp-json\/wp\/v2\/product\/51440"}],"collection":[{"href":"https:\/\/www.radiomarket.fi\/en\/wp-json\/wp\/v2\/product"}],"about":[{"href":"https:\/\/www.radiomarket.fi\/en\/wp-json\/wp\/v2\/types\/product"}],"wp:featuredmedia":[{"embeddable":true,"href":"https:\/\/www.radiomarket.fi\/en\/wp-json\/wp\/v2\/media\/51445"}],"wp:attachment":[{"href":"https:\/\/www.radiomarket.fi\/en\/wp-json\/wp\/v2\/media?parent=51440"}],"curies":[{"name":"wp","href":"https:\/\/api.w.org\/{rel}","templated":true}]}}