{"id":51448,"date":"2025-04-12T17:33:05","date_gmt":"2025-04-12T14:33:05","guid":{"rendered":"https:\/\/www.radiomarket.fi\/?post_type=product&#038;p=51448"},"modified":"2025-11-03T14:27:07","modified_gmt":"2025-11-03T12:27:07","slug":"ekub0797-jvc-rm-srcbx53a-radio-ja-cd-soittimen-kaukosaadin","status":"publish","type":"product","link":"https:\/\/www.radiomarket.fi\/en\/kohde\/ekub0797-jvc-rm-srcbx53a-radio-ja-cd-soittimen-kaukosaadin\/","title":{"rendered":"EKUB0797 JVC RM-SRCBX53A radio- ja CD-soittimen kaukos\u00e4\u00e4din (EKUM)"},"content":{"rendered":"<p>Muutamalla nappulalla toimivaksi todettu audiokaukos\u00e4\u00e4din. 2xAA-paristot.<\/p><p>&nbsp;<\/p><p>Sopii ainakin vastaanottimeen JVC RC-BX53SL.<\/p>","protected":false},"excerpt":{"rendered":"<p>Kirjetoimitustuotteita kannattaa tilata useampi kerralla, lis\u00e4tuote nostaa postikulun osuutta vain kymmenell\u00e4 sentill\u00e4 (huhtikuun 2025 tilanne).<\/p>","protected":false},"featured_media":51450,"template":"","meta":[],"_links":{"self":[{"href":"https:\/\/www.radiomarket.fi\/en\/wp-json\/wp\/v2\/product\/51448"}],"collection":[{"href":"https:\/\/www.radiomarket.fi\/en\/wp-json\/wp\/v2\/product"}],"about":[{"href":"https:\/\/www.radiomarket.fi\/en\/wp-json\/wp\/v2\/types\/product"}],"wp:featuredmedia":[{"embeddable":true,"href":"https:\/\/www.radiomarket.fi\/en\/wp-json\/wp\/v2\/media\/51450"}],"wp:attachment":[{"href":"https:\/\/www.radiomarket.fi\/en\/wp-json\/wp\/v2\/media?parent=51448"}],"curies":[{"name":"wp","href":"https:\/\/api.w.org\/{rel}","templated":true}]}}