{"id":51455,"date":"2025-04-12T17:44:52","date_gmt":"2025-04-12T14:44:52","guid":{"rendered":"https:\/\/www.radiomarket.fi\/?post_type=product&#038;p=51455"},"modified":"2025-04-12T17:49:51","modified_gmt":"2025-04-12T14:49:51","slug":"ekub0798-tuntematon-japanilainen-videokaukosaadin","status":"publish","type":"product","link":"https:\/\/www.radiomarket.fi\/en\/kohde\/ekub0798-tuntematon-japanilainen-videokaukosaadin\/","title":{"rendered":"EKUB0798 tuntematon japanilainen videokaukos\u00e4\u00e4din"},"content":{"rendered":"<p>Ei toiminut pikatestiss\u00e4, ei tutkittu tarkemmin. Japanilainen kaukos\u00e4\u00e4din. 2xAA-paristot.<\/p>","protected":false},"excerpt":{"rendered":"<p>Kirjetoimitustuotteita kannattaa tilata useampi kerralla, lis\u00e4tuote nostaa postikulun osuutta vain kymmenell\u00e4 sentill\u00e4 (huhtikuun 2025 tilanne).<\/p>","protected":false},"featured_media":51460,"template":"","meta":[],"_links":{"self":[{"href":"https:\/\/www.radiomarket.fi\/en\/wp-json\/wp\/v2\/product\/51455"}],"collection":[{"href":"https:\/\/www.radiomarket.fi\/en\/wp-json\/wp\/v2\/product"}],"about":[{"href":"https:\/\/www.radiomarket.fi\/en\/wp-json\/wp\/v2\/types\/product"}],"wp:featuredmedia":[{"embeddable":true,"href":"https:\/\/www.radiomarket.fi\/en\/wp-json\/wp\/v2\/media\/51460"}],"wp:attachment":[{"href":"https:\/\/www.radiomarket.fi\/en\/wp-json\/wp\/v2\/media?parent=51455"}],"curies":[{"name":"wp","href":"https:\/\/api.w.org\/{rel}","templated":true}]}}