{"id":51461,"date":"2025-04-12T17:49:59","date_gmt":"2025-04-12T14:49:59","guid":{"rendered":"https:\/\/www.radiomarket.fi\/?post_type=product&#038;p=51461"},"modified":"2025-04-12T17:56:45","modified_gmt":"2025-04-12T14:56:45","slug":"ekub0799-urc22d-4-universal-remote-control","status":"publish","type":"product","link":"https:\/\/www.radiomarket.fi\/en\/kohde\/ekub0799-urc22d-4-universal-remote-control\/","title":{"rendered":"EKUB0799 URC22D-4 universal remote control"},"content":{"rendered":"<p>Toimii, testattu muutamalla painikkeella. 2xAA-paristot. SAT\/DVD\/VCR\/TV kaukos\u00e4\u00e4din. Ulkoisesti hyv\u00e4kuntoinen.<\/p>","protected":false},"excerpt":{"rendered":"<p>Kirjetoimitustuotteita kannattaa tilata useampi kerralla, lis\u00e4tuote nostaa postikulun osuutta vain kymmenell\u00e4 sentill\u00e4 (huhtikuun 2025 tilanne).<\/p>","protected":false},"featured_media":51464,"template":"","meta":[],"_links":{"self":[{"href":"https:\/\/www.radiomarket.fi\/en\/wp-json\/wp\/v2\/product\/51461"}],"collection":[{"href":"https:\/\/www.radiomarket.fi\/en\/wp-json\/wp\/v2\/product"}],"about":[{"href":"https:\/\/www.radiomarket.fi\/en\/wp-json\/wp\/v2\/types\/product"}],"wp:featuredmedia":[{"embeddable":true,"href":"https:\/\/www.radiomarket.fi\/en\/wp-json\/wp\/v2\/media\/51464"}],"wp:attachment":[{"href":"https:\/\/www.radiomarket.fi\/en\/wp-json\/wp\/v2\/media?parent=51461"}],"curies":[{"name":"wp","href":"https:\/\/api.w.org\/{rel}","templated":true}]}}