{"id":51465,"date":"2025-04-12T17:58:28","date_gmt":"2025-04-12T14:58:28","guid":{"rendered":"https:\/\/www.radiomarket.fi\/?post_type=product&#038;p=51465"},"modified":"2025-05-09T15:56:06","modified_gmt":"2025-05-09T12:56:06","slug":"ekub0800-philips-dvd-vcr-player-kaukosaadin","status":"publish","type":"product","link":"https:\/\/www.radiomarket.fi\/en\/kohde\/ekub0800-philips-dvd-vcr-player-kaukosaadin\/","title":{"rendered":"EKUB0800 Philips DVD\/VCR Player kaukos\u00e4\u00e4din"},"content":{"rendered":"<p>Toimii, testattu muutamalla painikkeella. 2xAAA-paristot. Valittavissa mm. zoom, showview, video plus+, DVD, VCR, TV\/VCR kaukos\u00e4\u00e4din. Ulkoisesti hyv\u00e4kuntoinen. Paristokotelon kannen koodi A114 OH\/S2-4.<\/p>","protected":false},"excerpt":{"rendered":"<p>Kirjetoimitustuotteita kannattaa tilata useampi kerralla, lis\u00e4tuote nostaa postikulun osuutta vain kymmenell\u00e4 sentill\u00e4 (huhtikuun 2025 tilanne).<\/p>","protected":false},"featured_media":51466,"template":"","meta":[],"_links":{"self":[{"href":"https:\/\/www.radiomarket.fi\/en\/wp-json\/wp\/v2\/product\/51465"}],"collection":[{"href":"https:\/\/www.radiomarket.fi\/en\/wp-json\/wp\/v2\/product"}],"about":[{"href":"https:\/\/www.radiomarket.fi\/en\/wp-json\/wp\/v2\/types\/product"}],"wp:featuredmedia":[{"embeddable":true,"href":"https:\/\/www.radiomarket.fi\/en\/wp-json\/wp\/v2\/media\/51466"}],"wp:attachment":[{"href":"https:\/\/www.radiomarket.fi\/en\/wp-json\/wp\/v2\/media?parent=51465"}],"curies":[{"name":"wp","href":"https:\/\/api.w.org\/{rel}","templated":true}]}}