{"id":51471,"date":"2025-04-12T18:41:53","date_gmt":"2025-04-12T15:41:53","guid":{"rendered":"https:\/\/www.radiomarket.fi\/?post_type=product&#038;p=51471"},"modified":"2025-04-12T18:50:24","modified_gmt":"2025-04-12T15:50:24","slug":"ekun0129-friulsider-ohutlevyruuvi-42x13-50kpl-porakarjella-vm-296-60","status":"publish","type":"product","link":"https:\/\/www.radiomarket.fi\/en\/kohde\/ekun0129-friulsider-ohutlevyruuvi-42x13-50kpl-porakarjella-vm-296-60\/","title":{"rendered":"EKUN0129 Friulsider OHUTLEVYRUUVI 4,2X13 50KPL PORAK\u00c4RJELL\u00c4 VM 296.60"},"content":{"rendered":"<p>sinkitty<br \/>leve\u00e4 kanta, Phillips PH2<br \/>porauskapasiteetti ter\u00e4s 1,5 + 1,5 mm<br \/>porak\u00e4rki, itseporautuva<br \/>soveltuu ohutpeltien ja profiilien kiinnitykseen sek\u00e4 osittain puu- ja levyliitoksiin<br \/>koko (d x L) 4,2 x 13 mm<br \/>kannan halkaisija (dk) 11 mm<br \/>50 kpl \/ pakkaus<\/p><p>&nbsp;<\/p><table id=\"product-attribute-specs-table\" class=\"data table additional-attributes\"><tbody><tr><th class=\"col label\" scope=\"row\">Ruuvin koko \u00d8 (mm)<\/th><td class=\"col data\" data-th=\"Ruuvin koko \u00d8 (mm)\">4.2<\/td><\/tr><tr><th class=\"col label\" scope=\"row\">Ruuvin koko \u00d8 (mm)<\/th><td class=\"col data\" data-th=\"Ruuvin koko \u00d8 (mm)\">4,20<\/td><\/tr><tr><th class=\"col label\" scope=\"row\">Pituus (mm)<\/th><td class=\"col data\" data-th=\"Pituus (mm)\">13<\/td><\/tr><tr><th class=\"col label\" scope=\"row\">Pituus (mm)<\/th><td class=\"col data\" data-th=\"Pituus (mm)\">13,00<\/td><\/tr><tr><th class=\"col label\" scope=\"row\">Kannan halkaisija \u00d8 (mm)<\/th><td class=\"col data\" data-th=\"Kannan halkaisija \u00d8 (mm)\">11<\/td><\/tr><tr><th class=\"col label\" scope=\"row\">Kannan halkaisija \u00d8 (mm)<\/th><td class=\"col data\" data-th=\"Kannan halkaisija \u00d8 (mm)\">11,00<\/td><\/tr><tr><th class=\"col label\" scope=\"row\">Materiaali<\/th><td class=\"col data\" data-th=\"Materiaali\">Ter\u00e4s<\/td><\/tr><tr><th class=\"col label\" scope=\"row\">Pinnoite<\/th><td class=\"col data\" data-th=\"Pinnoite\">S\u00e4hk\u00f6sinkitty<\/td><\/tr><tr><th class=\"col label\" scope=\"row\">Avainkoko<\/th><td class=\"col data\" data-th=\"Avainkoko\">PH2 (Phillips)<\/td><\/tr><tr><th class=\"col label\" scope=\"row\">Pakkauksen pituus (cm)<\/th><td class=\"col data\" data-th=\"Pakkauksen pituus (cm)\">2<\/td><\/tr><tr><th class=\"col label\" scope=\"row\">Pakkauksen leveys (cm)<\/th><td class=\"col data\" data-th=\"Pakkauksen leveys (cm)\">9<\/td><\/tr><tr><th class=\"col label\" scope=\"row\">Pakkauksen korkeus (cm)<\/th><td class=\"col data\" data-th=\"Pakkauksen korkeus (cm)\">16<\/td><\/tr><tr><th class=\"col label\" scope=\"row\">Bruttopaino (kg)<\/th><td class=\"col data\" data-th=\"Bruttopaino (kg)\">0.085000<\/td><\/tr><tr><th class=\"col label\" scope=\"row\">EAN<\/th><td class=\"col data\" data-th=\"EAN\">8011546295159<\/td><\/tr><\/tbody><\/table>","protected":false},"excerpt":{"rendered":"<p>Kirjetoimitustuotteita kannattaa tilata kerralla useampiakin, yksi lis\u00e4tuote lis\u00e4\u00e4 postikulua vain 10 sentill\u00e4 (tilanne 4\/2025)<\/p>","protected":false},"featured_media":51480,"template":"","meta":[],"_links":{"self":[{"href":"https:\/\/www.radiomarket.fi\/en\/wp-json\/wp\/v2\/product\/51471"}],"collection":[{"href":"https:\/\/www.radiomarket.fi\/en\/wp-json\/wp\/v2\/product"}],"about":[{"href":"https:\/\/www.radiomarket.fi\/en\/wp-json\/wp\/v2\/types\/product"}],"wp:featuredmedia":[{"embeddable":true,"href":"https:\/\/www.radiomarket.fi\/en\/wp-json\/wp\/v2\/media\/51480"}],"wp:attachment":[{"href":"https:\/\/www.radiomarket.fi\/en\/wp-json\/wp\/v2\/media?parent=51471"}],"curies":[{"name":"wp","href":"https:\/\/api.w.org\/{rel}","templated":true}]}}