{"id":51491,"date":"2025-04-13T10:02:52","date_gmt":"2025-04-13T07:02:52","guid":{"rendered":"https:\/\/www.radiomarket.fi\/?post_type=product&#038;p=51491"},"modified":"2025-04-22T10:44:47","modified_gmt":"2025-04-22T07:44:47","slug":"ekub0805-keskon-suuri-tyovalinekuvasto-1998-99","status":"publish","type":"product","link":"https:\/\/www.radiomarket.fi\/en\/kohde\/ekub0805-keskon-suuri-tyovalinekuvasto-1998-99\/","title":{"rendered":"EKUB0805 Keskon suuri ty\u00f6v\u00e4linekuvasto 1997-98"},"content":{"rendered":"<p>Hyv\u00e4kuntoinen ty\u00f6kalukataloogi sidottu kirja. Ovh. 95 markkaa.<\/p>","protected":false},"excerpt":{"rendered":"<p>Hyv\u00e4kuntoinen ty\u00f6kalukataloogi sidottu kirja. Ovh. 95 markkaa.<\/p>","protected":false},"featured_media":51493,"template":"","meta":[],"_links":{"self":[{"href":"https:\/\/www.radiomarket.fi\/en\/wp-json\/wp\/v2\/product\/51491"}],"collection":[{"href":"https:\/\/www.radiomarket.fi\/en\/wp-json\/wp\/v2\/product"}],"about":[{"href":"https:\/\/www.radiomarket.fi\/en\/wp-json\/wp\/v2\/types\/product"}],"wp:featuredmedia":[{"embeddable":true,"href":"https:\/\/www.radiomarket.fi\/en\/wp-json\/wp\/v2\/media\/51493"}],"wp:attachment":[{"href":"https:\/\/www.radiomarket.fi\/en\/wp-json\/wp\/v2\/media?parent=51491"}],"curies":[{"name":"wp","href":"https:\/\/api.w.org\/{rel}","templated":true}]}}