{"id":51509,"date":"2025-04-17T12:59:41","date_gmt":"2025-04-17T09:59:41","guid":{"rendered":"https:\/\/www.radiomarket.fi\/?post_type=product&#038;p=51509"},"modified":"2025-04-17T13:22:48","modified_gmt":"2025-04-17T10:22:48","slug":"ef95-elektroniputki-ekum","status":"publish","type":"product","link":"https:\/\/www.radiomarket.fi\/en\/kohde\/ef95-elektroniputki-ekum\/","title":{"rendered":"EF95 (6AK5) elektroniputki (EKUM)"},"content":{"rendered":"<p>Valmistaja voi vaihdella, uutta vanhaa varastoa. SRHS:n j\u00e4senille saatavilla erisuuruisia alennuksia, ilmoita j\u00e4senyydest\u00e4si tilauksen yhteydess\u00e4.<\/p><p>Putki EF95 vastaa putkea 6AK5.<\/p>","protected":false},"excerpt":{"rendered":"<p>Kirjetoimitus<\/p>","protected":false},"featured_media":17169,"template":"","meta":[],"_links":{"self":[{"href":"https:\/\/www.radiomarket.fi\/en\/wp-json\/wp\/v2\/product\/51509"}],"collection":[{"href":"https:\/\/www.radiomarket.fi\/en\/wp-json\/wp\/v2\/product"}],"about":[{"href":"https:\/\/www.radiomarket.fi\/en\/wp-json\/wp\/v2\/types\/product"}],"wp:featuredmedia":[{"embeddable":true,"href":"https:\/\/www.radiomarket.fi\/en\/wp-json\/wp\/v2\/media\/17169"}],"wp:attachment":[{"href":"https:\/\/www.radiomarket.fi\/en\/wp-json\/wp\/v2\/media?parent=51509"}],"curies":[{"name":"wp","href":"https:\/\/api.w.org\/{rel}","templated":true}]}}