{"id":51554,"date":"2025-04-23T10:30:27","date_gmt":"2025-04-23T07:30:27","guid":{"rendered":"https:\/\/www.radiomarket.fi\/?post_type=product&#038;p=51554"},"modified":"2025-04-23T11:43:00","modified_gmt":"2025-04-23T08:43:00","slug":"ekub0806_opentel_world_clock","status":"publish","type":"product","link":"https:\/\/www.radiomarket.fi\/en\/kohde\/ekub0806_opentel_world_clock\/","title":{"rendered":"EKUB0806 Opentel yrityskello maailmankello"},"content":{"rendered":"<p>1990-luvun toimistosein\u00e4kello. Kellokoneistot ovat v\u00e4s\u00e4ht\u00e4neet, isoimman taulun koneisto vaihdettu. Sein\u00e4lt\u00e4 pudottuaan ei alettu oikomaan alumiinilevy\u00e4 vaan p\u00e4\u00e4tettiin laittaa tarjolle ker\u00e4ilij\u00e4lle tai viisarin tarvitsijalle. My\u00f6s tarrat j\u00e4\u00e4v\u00e4t ostajan poistettavaksi.<\/p>","protected":false},"excerpt":{"rendered":"<p>1990-luvun toimistosein\u00e4kello. Kellokoneistot ovat v\u00e4s\u00e4ht\u00e4neet, isoimman taulun koneisto vaihdettu. Sein\u00e4lt\u00e4 pudottuaan ei alettu oikomaan alumiinilevy\u00e4 vaan p\u00e4\u00e4tettiin laittaa tarjolle ker\u00e4ilij\u00e4lle tai viisarin tarvitsijalle. My\u00f6s tarrat j\u00e4\u00e4v\u00e4t ostajan poistettavaksi.<\/p>","protected":false},"featured_media":51567,"template":"","meta":[],"_links":{"self":[{"href":"https:\/\/www.radiomarket.fi\/en\/wp-json\/wp\/v2\/product\/51554"}],"collection":[{"href":"https:\/\/www.radiomarket.fi\/en\/wp-json\/wp\/v2\/product"}],"about":[{"href":"https:\/\/www.radiomarket.fi\/en\/wp-json\/wp\/v2\/types\/product"}],"wp:featuredmedia":[{"embeddable":true,"href":"https:\/\/www.radiomarket.fi\/en\/wp-json\/wp\/v2\/media\/51567"}],"wp:attachment":[{"href":"https:\/\/www.radiomarket.fi\/en\/wp-json\/wp\/v2\/media?parent=51554"}],"curies":[{"name":"wp","href":"https:\/\/api.w.org\/{rel}","templated":true}]}}