{"id":51571,"date":"2025-04-23T13:05:57","date_gmt":"2025-04-23T10:05:57","guid":{"rendered":"https:\/\/www.radiomarket.fi\/?post_type=product&#038;p=51571"},"modified":"2025-06-05T16:41:30","modified_gmt":"2025-06-05T13:41:30","slug":"ekum0919-kopio-helvarin-1950-luvun-huoltokirjasta","status":"publish","type":"product","link":"https:\/\/www.radiomarket.fi\/en\/kohde\/ekum0919-kopio-helvarin-1950-luvun-huoltokirjasta\/","title":{"rendered":"EKUM0919 Helvarin 1950-luvun huoltokirjan kopio"},"content":{"rendered":"<p>Saimme huoltomiehen j\u00e4\u00e4mist\u00f6st\u00e4 hyv\u00e4kuntoisen kopionipun, liki puoli kiloa Helvarin huoltoa 30-50-luvuilta ennen ULAa. Alkuper\u00e4iskirja on julkaistu A5-koossa, t\u00e4m\u00e4 kopionippu on suurennus A4-kokoon. Koska kaikki on mielest\u00e4mme edelleen k\u00e4ytett\u00e4v\u00e4 tai kierr\u00e4tett\u00e4viss\u00e4, tarjoamme t\u00e4m\u00e4n nipun postipaketoinnin hinnalla tarvitsevalle.<\/p><p>Tilaukseen lis\u00e4tt\u00e4v\u00e4 kirjepostitushinta huhtikuussa 2025 on nelj\u00e4 euroa eli kokonaishinta yksinomaan t\u00e4m\u00e4n tilatessa on 7,90.<\/p>","protected":false},"excerpt":{"rendered":"<p>Tilatessasi kirjetoimitustuotteita ensimm\u00e4ist\u00e4 seuraava tuote nostaa postimaksua vain muutamalla kymmenell\u00e4 sentill\u00e4 (4\/25 tilanne).<\/p>","protected":false},"featured_media":51576,"template":"","meta":[],"_links":{"self":[{"href":"https:\/\/www.radiomarket.fi\/en\/wp-json\/wp\/v2\/product\/51571"}],"collection":[{"href":"https:\/\/www.radiomarket.fi\/en\/wp-json\/wp\/v2\/product"}],"about":[{"href":"https:\/\/www.radiomarket.fi\/en\/wp-json\/wp\/v2\/types\/product"}],"wp:featuredmedia":[{"embeddable":true,"href":"https:\/\/www.radiomarket.fi\/en\/wp-json\/wp\/v2\/media\/51576"}],"wp:attachment":[{"href":"https:\/\/www.radiomarket.fi\/en\/wp-json\/wp\/v2\/media?parent=51571"}],"curies":[{"name":"wp","href":"https:\/\/api.w.org\/{rel}","templated":true}]}}