{"id":51633,"date":"2025-05-06T11:32:03","date_gmt":"2025-05-06T08:32:03","guid":{"rendered":"https:\/\/www.radiomarket.fi\/?post_type=product&#038;p=51633"},"modified":"2025-05-06T11:34:32","modified_gmt":"2025-05-06T08:34:32","slug":"6at6-elektroniputki-ediswan-ekus","status":"publish","type":"product","link":"https:\/\/www.radiomarket.fi\/en\/kohde\/6at6-elektroniputki-ediswan-ekus\/","title":{"rendered":"6AT6 elektroniputki Ediswan (EKUS)"},"content":{"rendered":"<p>Uutta vanhaa varastoa. SRHS:n j\u00e4senille saatavilla erisuuruisia alennuksia s\u00e4hk\u00f6postilla tilattaessa.<\/p>","protected":false},"excerpt":{"rendered":"<p>Uutta vanhaa varastoa. SRHS:n j\u00e4senille saatavilla erisuuruisia alennuksia s\u00e4hk\u00f6postilla tilattaessa.<\/p>","protected":false},"featured_media":17169,"template":"","meta":[],"_links":{"self":[{"href":"https:\/\/www.radiomarket.fi\/en\/wp-json\/wp\/v2\/product\/51633"}],"collection":[{"href":"https:\/\/www.radiomarket.fi\/en\/wp-json\/wp\/v2\/product"}],"about":[{"href":"https:\/\/www.radiomarket.fi\/en\/wp-json\/wp\/v2\/types\/product"}],"wp:featuredmedia":[{"embeddable":true,"href":"https:\/\/www.radiomarket.fi\/en\/wp-json\/wp\/v2\/media\/17169"}],"wp:attachment":[{"href":"https:\/\/www.radiomarket.fi\/en\/wp-json\/wp\/v2\/media?parent=51633"}],"curies":[{"name":"wp","href":"https:\/\/api.w.org\/{rel}","templated":true}]}}