{"id":51643,"date":"2025-05-09T18:48:25","date_gmt":"2025-05-09T15:48:25","guid":{"rendered":"https:\/\/www.radiomarket.fi\/?post_type=product&#038;p=51643"},"modified":"2025-05-09T19:00:09","modified_gmt":"2025-05-09T16:00:09","slug":"ekun0131-sony-ps1-pal-star-wars-dark-forces","status":"publish","type":"product","link":"https:\/\/www.radiomarket.fi\/en\/kohde\/ekun0131-sony-ps1-pal-star-wars-dark-forces\/","title":{"rendered":"EKUN0131 Sony PS1 PAL Star Wars Dark Forces SLES00585"},"content":{"rendered":"<p>K\u00e4ytetty peli, kotelovikaa. Mik\u00e4li t\u00e4ss\u00e4 on ollut manuaali mukana, niin se puuttuu.\u00a0<\/p>","protected":false},"excerpt":{"rendered":"<p>Kirjetoimitustuotteita kannattaa tilata kerralla useampiakin, yksi lis\u00e4tuote lis\u00e4\u00e4 perustoimituskulua vain 10 sentill\u00e4 (tilanne 5\/2025)<\/p>","protected":false},"featured_media":51649,"template":"","meta":[],"_links":{"self":[{"href":"https:\/\/www.radiomarket.fi\/en\/wp-json\/wp\/v2\/product\/51643"}],"collection":[{"href":"https:\/\/www.radiomarket.fi\/en\/wp-json\/wp\/v2\/product"}],"about":[{"href":"https:\/\/www.radiomarket.fi\/en\/wp-json\/wp\/v2\/types\/product"}],"wp:featuredmedia":[{"embeddable":true,"href":"https:\/\/www.radiomarket.fi\/en\/wp-json\/wp\/v2\/media\/51649"}],"wp:attachment":[{"href":"https:\/\/www.radiomarket.fi\/en\/wp-json\/wp\/v2\/media?parent=51643"}],"curies":[{"name":"wp","href":"https:\/\/api.w.org\/{rel}","templated":true}]}}