{"id":51652,"date":"2025-05-09T19:01:44","date_gmt":"2025-05-09T16:01:44","guid":{"rendered":"https:\/\/www.radiomarket.fi\/?post_type=product&#038;p=51652"},"modified":"2025-05-09T19:16:14","modified_gmt":"2025-05-09T16:16:14","slug":"ekun0132-sony-ps1-pal-gran-turismo-2-sces02380","status":"publish","type":"product","link":"https:\/\/www.radiomarket.fi\/en\/kohde\/ekun0132-sony-ps1-pal-gran-turismo-2-sces02380\/","title":{"rendered":"EKUN0132 Sony PS1 PAL Gran Turismo 2 SCES02380"},"content":{"rendered":"<p>K\u00e4ytetty peli. Kaksi levy\u00e4, mukana kaksi manuaalia joista toinen suomenkielinen strategiaopas ja toinen suomenkielinen yleisohje.<\/p>","protected":false},"excerpt":{"rendered":"<p>Kirjetoimitustuotteita kannattaa tilata kerralla useampiakin, yksi lis\u00e4tuote lis\u00e4\u00e4 perustoimituskulua vain 10 sentill\u00e4 (tilanne 5\/2025)<\/p>","protected":false},"featured_media":51659,"template":"","meta":[],"_links":{"self":[{"href":"https:\/\/www.radiomarket.fi\/en\/wp-json\/wp\/v2\/product\/51652"}],"collection":[{"href":"https:\/\/www.radiomarket.fi\/en\/wp-json\/wp\/v2\/product"}],"about":[{"href":"https:\/\/www.radiomarket.fi\/en\/wp-json\/wp\/v2\/types\/product"}],"wp:featuredmedia":[{"embeddable":true,"href":"https:\/\/www.radiomarket.fi\/en\/wp-json\/wp\/v2\/media\/51659"}],"wp:attachment":[{"href":"https:\/\/www.radiomarket.fi\/en\/wp-json\/wp\/v2\/media?parent=51652"}],"curies":[{"name":"wp","href":"https:\/\/api.w.org\/{rel}","templated":true}]}}