{"id":51673,"date":"2025-05-11T16:15:55","date_gmt":"2025-05-11T13:15:55","guid":{"rendered":"https:\/\/www.radiomarket.fi\/?post_type=product&#038;p=51673"},"modified":"2025-05-28T19:57:34","modified_gmt":"2025-05-28T16:57:34","slug":"ekub0815-keittiokelloradio-tulossa","status":"publish","type":"product","link":"https:\/\/www.radiomarket.fi\/en\/kohde\/ekub0815-keittiokelloradio-tulossa\/","title":{"rendered":"EKUB0815 Elta 4250 keitti\u00f6kelloradio"},"content":{"rendered":"<p>Toimiva, k\u00e4ytetty kaapinalusradio.<\/p>","protected":false},"excerpt":{"rendered":"<p>Tilatessasi kirjetoimitustuotteita ensimm\u00e4ist\u00e4 seuraava tuote nostaa postimaksua vain muutamalla kymmenell\u00e4 sentill\u00e4 (4\/25 tilanne).<\/p>","protected":false},"featured_media":51779,"template":"","meta":[],"_links":{"self":[{"href":"https:\/\/www.radiomarket.fi\/en\/wp-json\/wp\/v2\/product\/51673"}],"collection":[{"href":"https:\/\/www.radiomarket.fi\/en\/wp-json\/wp\/v2\/product"}],"about":[{"href":"https:\/\/www.radiomarket.fi\/en\/wp-json\/wp\/v2\/types\/product"}],"wp:featuredmedia":[{"embeddable":true,"href":"https:\/\/www.radiomarket.fi\/en\/wp-json\/wp\/v2\/media\/51779"}],"wp:attachment":[{"href":"https:\/\/www.radiomarket.fi\/en\/wp-json\/wp\/v2\/media?parent=51673"}],"curies":[{"name":"wp","href":"https:\/\/api.w.org\/{rel}","templated":true}]}}