{"id":51678,"date":"2025-09-01T17:54:04","date_gmt":"2025-09-01T14:54:04","guid":{"rendered":"https:\/\/www.radiomarket.fi\/?post_type=product&#038;p=51678"},"modified":"2025-09-06T13:54:58","modified_gmt":"2025-09-06T10:54:58","slug":"ekub0813-paradox-opas-tulossa","status":"publish","type":"product","link":"https:\/\/www.radiomarket.fi\/en\/kohde\/ekub0813-paradox-opas-tulossa\/","title":{"rendered":"EKUB0813 Paradox-opas"},"content":{"rendered":"<p>Douglas Cobb, Jeff Yocom ja Brian Smith: Paradox-opas. Painettu Jyv\u00e4skyl\u00e4ss\u00e4 1990.\u00a0 860 sivua, paksuus 40 mm, koko A5.\u00a0 Hyv\u00e4kuntoinen, jotain lyijykyn\u00e4merkint\u00f6j\u00e4. ISBN 951-95297-4-8.<\/p>","protected":false},"excerpt":{"rendered":"<p>Douglas Cobb, Jeff Yocom ja Brian Smith: Paradox-opas. Painettu Jyv\u00e4skyl\u00e4ss\u00e4 1990.\u00a0 860 sivua, paksuus 40 mm, koko A5.\u00a0 Hyv\u00e4kuntoinen, jotain lyijykyn\u00e4merkint\u00f6j\u00e4. ISBN 951-95297-4-8.<\/p>","protected":false},"featured_media":54675,"template":"","meta":[],"_links":{"self":[{"href":"https:\/\/www.radiomarket.fi\/en\/wp-json\/wp\/v2\/product\/51678"}],"collection":[{"href":"https:\/\/www.radiomarket.fi\/en\/wp-json\/wp\/v2\/product"}],"about":[{"href":"https:\/\/www.radiomarket.fi\/en\/wp-json\/wp\/v2\/types\/product"}],"wp:featuredmedia":[{"embeddable":true,"href":"https:\/\/www.radiomarket.fi\/en\/wp-json\/wp\/v2\/media\/54675"}],"wp:attachment":[{"href":"https:\/\/www.radiomarket.fi\/en\/wp-json\/wp\/v2\/media?parent=51678"}],"curies":[{"name":"wp","href":"https:\/\/api.w.org\/{rel}","templated":true}]}}