{"id":51680,"date":"2025-05-11T18:14:38","date_gmt":"2025-05-11T15:14:38","guid":{"rendered":"https:\/\/www.radiomarket.fi\/?post_type=product&#038;p=51680"},"modified":"2025-05-21T20:14:24","modified_gmt":"2025-05-21T17:14:24","slug":"ekub0817-nissan-rengaskeskiot-peltivanteelle-tulossa","status":"publish","type":"product","link":"https:\/\/www.radiomarket.fi\/en\/kohde\/ekub0817-nissan-rengaskeskiot-peltivanteelle-tulossa\/","title":{"rendered":"EKUB0817 Nissan nelivedon rengaskeski\u00f6t sarja peltivanteelle"},"content":{"rendered":"<p>Nissan Terrano-Navara-KingCap 2000-luvun alun nelivedon alkuper\u00e4inen peltivanteen tehdaskeski\u00f6 muovia. K\u00e4ytetyt mutta hyv\u00e4kuntoiset. Ei pesty kuvausta varten.<\/p>","protected":false},"excerpt":{"rendered":"<p>Nissan Terrano-Navara-KingCap 2000-luvun alun nelivedon alkuper\u00e4inen peltivanteen tehdaskeski\u00f6 muovia. K\u00e4ytetyt mutta hyv\u00e4kuntoiset. Ei pesty kuvausta varten.<\/p>","protected":false},"featured_media":51746,"template":"","meta":[],"_links":{"self":[{"href":"https:\/\/www.radiomarket.fi\/en\/wp-json\/wp\/v2\/product\/51680"}],"collection":[{"href":"https:\/\/www.radiomarket.fi\/en\/wp-json\/wp\/v2\/product"}],"about":[{"href":"https:\/\/www.radiomarket.fi\/en\/wp-json\/wp\/v2\/types\/product"}],"wp:featuredmedia":[{"embeddable":true,"href":"https:\/\/www.radiomarket.fi\/en\/wp-json\/wp\/v2\/media\/51746"}],"wp:attachment":[{"href":"https:\/\/www.radiomarket.fi\/en\/wp-json\/wp\/v2\/media?parent=51680"}],"curies":[{"name":"wp","href":"https:\/\/api.w.org\/{rel}","templated":true}]}}