{"id":51735,"date":"2025-05-20T16:43:22","date_gmt":"2025-05-20T13:43:22","guid":{"rendered":"https:\/\/www.radiomarket.fi\/?post_type=product&#038;p=51735"},"modified":"2025-05-20T16:55:06","modified_gmt":"2025-05-20T13:55:06","slug":"ekum2595-philips-juovamuuntaja-a3-570-06-2-t175","status":"publish","type":"product","link":"https:\/\/www.radiomarket.fi\/en\/kohde\/ekum2595-philips-juovamuuntaja-a3-570-06-2-t175\/","title":{"rendered":"EKUM2595 Philips juovamuuntaja A3 570 06.2 T175"},"content":{"rendered":"<p>K\u00e4ytetty varaosa. Ei testattu. Mahdollisesti s\u00e4\u00e4stetty toimivana osana vaihtovaraosan paketissa.<br \/><br \/>Lis\u00e4\u00e4 juovamuuntajia esim. tuotenumeroilla EKUA04xx.<br \/><br \/>FBT (flyback transformer)<br \/>Zeilentransformator (Horizontalausgangs\u00fcbertrager)<br \/>transformador flyback (transformador de l\u00edneas)<br \/>trasformatore ad accumulo invertitore (trasformatore di riga)<br \/>Transformator wysokiego napi\u0119cia<br \/>Flybacktransformator<\/p>","protected":false},"excerpt":{"rendered":"<p>K\u00e4ytetty varaosa. Ei testattu. Mahdollisesti s\u00e4\u00e4stetty toimivana osana vaihtovaraosan paketissa.Lis\u00e4\u00e4 juovamuuntajia esim. tuotenumeroilla EKUA04xx.FBT (flyback transformer)Zeilentransformator (Horizontalausgangs\u00fcbertrager)transformador flyback (transformador de l\u00edneas)trasformatore ad accumulo invertitore (trasformatore di riga)Transformator wysokiego napi\u0119ciaFlybacktransformator<\/p>","protected":false},"featured_media":51736,"template":"","meta":[],"_links":{"self":[{"href":"https:\/\/www.radiomarket.fi\/en\/wp-json\/wp\/v2\/product\/51735"}],"collection":[{"href":"https:\/\/www.radiomarket.fi\/en\/wp-json\/wp\/v2\/product"}],"about":[{"href":"https:\/\/www.radiomarket.fi\/en\/wp-json\/wp\/v2\/types\/product"}],"wp:featuredmedia":[{"embeddable":true,"href":"https:\/\/www.radiomarket.fi\/en\/wp-json\/wp\/v2\/media\/51736"}],"wp:attachment":[{"href":"https:\/\/www.radiomarket.fi\/en\/wp-json\/wp\/v2\/media?parent=51735"}],"curies":[{"name":"wp","href":"https:\/\/api.w.org\/{rel}","templated":true}]}}