{"id":51808,"date":"2025-05-28T20:58:24","date_gmt":"2025-05-28T17:58:24","guid":{"rendered":"https:\/\/www.radiomarket.fi\/?post_type=product&#038;p=51808"},"modified":"2025-05-28T21:05:33","modified_gmt":"2025-05-28T18:05:33","slug":"ekub0823-ericsson-dialog-dlg01231-poytapuhelin","status":"publish","type":"product","link":"https:\/\/www.radiomarket.fi\/en\/kohde\/ekub0823-ericsson-dialog-dlg01231-poytapuhelin\/","title":{"rendered":"EKUB0823 Ericsson Dialog DLG01231 p\u00f6yt\u00e4puhelin"},"content":{"rendered":"<p>Se tummanpunainen Dialog. Luultavasti toimivana k\u00e4yt\u00f6st\u00e4 j\u00e4\u00e4nyt.<\/p>","protected":false},"excerpt":{"rendered":"<p>Se tummanpunainen Dialog. Luultavasti toimivana k\u00e4yt\u00f6st\u00e4 j\u00e4\u00e4nyt.<\/p>","protected":false},"featured_media":51810,"template":"","meta":[],"_links":{"self":[{"href":"https:\/\/www.radiomarket.fi\/en\/wp-json\/wp\/v2\/product\/51808"}],"collection":[{"href":"https:\/\/www.radiomarket.fi\/en\/wp-json\/wp\/v2\/product"}],"about":[{"href":"https:\/\/www.radiomarket.fi\/en\/wp-json\/wp\/v2\/types\/product"}],"wp:featuredmedia":[{"embeddable":true,"href":"https:\/\/www.radiomarket.fi\/en\/wp-json\/wp\/v2\/media\/51810"}],"wp:attachment":[{"href":"https:\/\/www.radiomarket.fi\/en\/wp-json\/wp\/v2\/media?parent=51808"}],"curies":[{"name":"wp","href":"https:\/\/api.w.org\/{rel}","templated":true}]}}