{"id":51887,"date":"2025-06-05T12:37:29","date_gmt":"2025-06-05T09:37:29","guid":{"rendered":"https:\/\/www.radiomarket.fi\/?post_type=product&#038;p=51887"},"modified":"2025-06-05T12:41:42","modified_gmt":"2025-06-05T09:41:42","slug":"ekum3804-1221-mhz-6783-333-khz-kide","status":"publish","type":"product","link":"https:\/\/www.radiomarket.fi\/en\/kohde\/ekum3804-1221-mhz-6783-333-khz-kide\/","title":{"rendered":"EKUM3804 122,1 MHz\/6783 333 kHz Kide"},"content":{"rendered":"<p>P\u00e4\u00e4s\u00e4\u00e4nt\u00f6isesti k\u00e4ytettyj\u00e4 kiteit\u00e4. Tuotekuva otettu 5mm pohjalla.<\/p>","protected":false},"excerpt":{"rendered":"<p>P\u00e4\u00e4s\u00e4\u00e4nt\u00f6isesti k\u00e4ytettyj\u00e4 kiteit\u00e4. Tuotekuva otettu 5mm pohjalla.<\/p>","protected":false},"featured_media":51888,"template":"","meta":[],"_links":{"self":[{"href":"https:\/\/www.radiomarket.fi\/en\/wp-json\/wp\/v2\/product\/51887"}],"collection":[{"href":"https:\/\/www.radiomarket.fi\/en\/wp-json\/wp\/v2\/product"}],"about":[{"href":"https:\/\/www.radiomarket.fi\/en\/wp-json\/wp\/v2\/types\/product"}],"wp:featuredmedia":[{"embeddable":true,"href":"https:\/\/www.radiomarket.fi\/en\/wp-json\/wp\/v2\/media\/51888"}],"wp:attachment":[{"href":"https:\/\/www.radiomarket.fi\/en\/wp-json\/wp\/v2\/media?parent=51887"}],"curies":[{"name":"wp","href":"https:\/\/api.w.org\/{rel}","templated":true}]}}