{"id":51889,"date":"2025-06-05T12:48:00","date_gmt":"2025-06-05T09:48:00","guid":{"rendered":"https:\/\/www.radiomarket.fi\/?post_type=product&#038;p=51889"},"modified":"2025-06-19T12:29:11","modified_gmt":"2025-06-19T09:29:11","slug":"ekum3805-1181-mhz-6561-111-khz-kide","status":"publish","type":"product","link":"https:\/\/www.radiomarket.fi\/en\/kohde\/ekum3805-1181-mhz-6561-111-khz-kide\/","title":{"rendered":"EKUM3805 118,1 MHz\/6561 111 kHz Kide"},"content":{"rendered":"<p>P\u00e4\u00e4s\u00e4\u00e4nt\u00f6isesti k\u00e4ytettyj\u00e4 kiteit\u00e4. Tuotekuva otettu 5mm pohjalla.<\/p>","protected":false},"excerpt":{"rendered":"<p>P\u00e4\u00e4s\u00e4\u00e4nt\u00f6isesti k\u00e4ytettyj\u00e4 kiteit\u00e4. Tuotekuva otettu 5mm pohjalla.<\/p>","protected":false},"featured_media":51890,"template":"","meta":[],"_links":{"self":[{"href":"https:\/\/www.radiomarket.fi\/en\/wp-json\/wp\/v2\/product\/51889"}],"collection":[{"href":"https:\/\/www.radiomarket.fi\/en\/wp-json\/wp\/v2\/product"}],"about":[{"href":"https:\/\/www.radiomarket.fi\/en\/wp-json\/wp\/v2\/types\/product"}],"wp:featuredmedia":[{"embeddable":true,"href":"https:\/\/www.radiomarket.fi\/en\/wp-json\/wp\/v2\/media\/51890"}],"wp:attachment":[{"href":"https:\/\/www.radiomarket.fi\/en\/wp-json\/wp\/v2\/media?parent=51889"}],"curies":[{"name":"wp","href":"https:\/\/api.w.org\/{rel}","templated":true}]}}