{"id":51907,"date":"2025-06-06T11:28:44","date_gmt":"2025-06-06T08:28:44","guid":{"rendered":"https:\/\/www.radiomarket.fi\/?post_type=product&#038;p=51907"},"modified":"2025-06-06T15:21:42","modified_gmt":"2025-06-06T12:21:42","slug":"ekum3813-5500-khz-kela","status":"publish","type":"product","link":"https:\/\/www.radiomarket.fi\/en\/kohde\/ekum3813-5500-khz-kela\/","title":{"rendered":"EKUM3813 5500 kHz kela"},"content":{"rendered":"<p>P\u00e4\u00e4s\u00e4\u00e4nt\u00f6isesti k\u00e4ytettyj\u00e4 keloja. Tuotekuva otettu 5mm pohjalla. Antenna coil c-368 5500 kHz<\/p>","protected":false},"excerpt":{"rendered":"<p>P\u00e4\u00e4s\u00e4\u00e4nt\u00f6isesti k\u00e4ytettyj\u00e4 keloja. Tuotekuva otettu 5mm pohjalla. Antenna coil c-368 5500 kHz<\/p>","protected":false},"featured_media":51908,"template":"","meta":[],"_links":{"self":[{"href":"https:\/\/www.radiomarket.fi\/en\/wp-json\/wp\/v2\/product\/51907"}],"collection":[{"href":"https:\/\/www.radiomarket.fi\/en\/wp-json\/wp\/v2\/product"}],"about":[{"href":"https:\/\/www.radiomarket.fi\/en\/wp-json\/wp\/v2\/types\/product"}],"wp:featuredmedia":[{"embeddable":true,"href":"https:\/\/www.radiomarket.fi\/en\/wp-json\/wp\/v2\/media\/51908"}],"wp:attachment":[{"href":"https:\/\/www.radiomarket.fi\/en\/wp-json\/wp\/v2\/media?parent=51907"}],"curies":[{"name":"wp","href":"https:\/\/api.w.org\/{rel}","templated":true}]}}