{"id":51909,"date":"2025-06-06T11:35:16","date_gmt":"2025-06-06T08:35:16","guid":{"rendered":"https:\/\/www.radiomarket.fi\/?post_type=product&#038;p=51909"},"modified":"2025-06-06T11:43:05","modified_gmt":"2025-06-06T08:43:05","slug":"ekum3814-4840-khz-kela","status":"publish","type":"product","link":"https:\/\/www.radiomarket.fi\/en\/kohde\/ekum3814-4840-khz-kela\/","title":{"rendered":"EKUM3814 4840 kHz kela"},"content":{"rendered":"<p>P\u00e4\u00e4s\u00e4\u00e4nt\u00f6isesti k\u00e4ytettyj\u00e4 keloja. Tuotekuva otettu 5mm pohjalla. Antenna coil 24K41106 4840 kHz<\/p>","protected":false},"excerpt":{"rendered":"<p>P\u00e4\u00e4s\u00e4\u00e4nt\u00f6isesti k\u00e4ytettyj\u00e4 keloja. Tuotekuva otettu 5mm pohjalla. Antenna coil 24K41106 4840 kHz<\/p>","protected":false},"featured_media":51910,"template":"","meta":[],"_links":{"self":[{"href":"https:\/\/www.radiomarket.fi\/en\/wp-json\/wp\/v2\/product\/51909"}],"collection":[{"href":"https:\/\/www.radiomarket.fi\/en\/wp-json\/wp\/v2\/product"}],"about":[{"href":"https:\/\/www.radiomarket.fi\/en\/wp-json\/wp\/v2\/types\/product"}],"wp:featuredmedia":[{"embeddable":true,"href":"https:\/\/www.radiomarket.fi\/en\/wp-json\/wp\/v2\/media\/51910"}],"wp:attachment":[{"href":"https:\/\/www.radiomarket.fi\/en\/wp-json\/wp\/v2\/media?parent=51909"}],"curies":[{"name":"wp","href":"https:\/\/api.w.org\/{rel}","templated":true}]}}