{"id":51913,"date":"2025-06-06T12:05:18","date_gmt":"2025-06-06T09:05:18","guid":{"rendered":"https:\/\/www.radiomarket.fi\/?post_type=product&#038;p=51913"},"modified":"2025-06-06T12:20:19","modified_gmt":"2025-06-06T09:20:19","slug":"ekum3816-54375-khz-kela","status":"publish","type":"product","link":"https:\/\/www.radiomarket.fi\/en\/kohde\/ekum3816-54375-khz-kela\/","title":{"rendered":"EKUM3816 5437,5 kHz kela"},"content":{"rendered":"<p>P\u00e4\u00e4s\u00e4\u00e4nt\u00f6isesti k\u00e4ytettyj\u00e4 keloja. Tuotekuva otettu 5mm pohjalla. Antenna coil 24K41108 5437,5 kHz<\/p>","protected":false},"excerpt":{"rendered":"<p>P\u00e4\u00e4s\u00e4\u00e4nt\u00f6isesti k\u00e4ytettyj\u00e4 keloja. Tuotekuva otettu 5mm pohjalla. Antenna coil 24K41108 5437,5 kHz<\/p>","protected":false},"featured_media":51915,"template":"","meta":[],"_links":{"self":[{"href":"https:\/\/www.radiomarket.fi\/en\/wp-json\/wp\/v2\/product\/51913"}],"collection":[{"href":"https:\/\/www.radiomarket.fi\/en\/wp-json\/wp\/v2\/product"}],"about":[{"href":"https:\/\/www.radiomarket.fi\/en\/wp-json\/wp\/v2\/types\/product"}],"wp:featuredmedia":[{"embeddable":true,"href":"https:\/\/www.radiomarket.fi\/en\/wp-json\/wp\/v2\/media\/51915"}],"wp:attachment":[{"href":"https:\/\/www.radiomarket.fi\/en\/wp-json\/wp\/v2\/media?parent=51913"}],"curies":[{"name":"wp","href":"https:\/\/api.w.org\/{rel}","templated":true}]}}