{"id":51925,"date":"2025-06-06T13:05:59","date_gmt":"2025-06-06T10:05:59","guid":{"rendered":"https:\/\/www.radiomarket.fi\/?post_type=product&#038;p=51925"},"modified":"2026-02-18T16:09:41","modified_gmt":"2026-02-18T14:09:41","slug":"ekum3821-4080-khz-kela","status":"publish","type":"product","link":"https:\/\/www.radiomarket.fi\/en\/kohde\/ekum3821-4080-khz-kela\/","title":{"rendered":"EKUM3821 4080 kHz kela"},"content":{"rendered":"<p>P\u00e4\u00e4s\u00e4\u00e4nt\u00f6isesti k\u00e4ytettyj\u00e4 keloja. Tuotekuva otettu 5mm pohjalla. Tank coil 41142 4080 kHz<\/p>","protected":false},"excerpt":{"rendered":"<p>P\u00e4\u00e4s\u00e4\u00e4nt\u00f6isesti k\u00e4ytettyj\u00e4 keloja. Tuotekuva otettu 5mm pohjalla. Tank coil 41142 4080 kHz<\/p>","protected":false},"featured_media":51926,"template":"","meta":[],"_links":{"self":[{"href":"https:\/\/www.radiomarket.fi\/en\/wp-json\/wp\/v2\/product\/51925"}],"collection":[{"href":"https:\/\/www.radiomarket.fi\/en\/wp-json\/wp\/v2\/product"}],"about":[{"href":"https:\/\/www.radiomarket.fi\/en\/wp-json\/wp\/v2\/types\/product"}],"wp:featuredmedia":[{"embeddable":true,"href":"https:\/\/www.radiomarket.fi\/en\/wp-json\/wp\/v2\/media\/51926"}],"wp:attachment":[{"href":"https:\/\/www.radiomarket.fi\/en\/wp-json\/wp\/v2\/media?parent=51925"}],"curies":[{"name":"wp","href":"https:\/\/api.w.org\/{rel}","templated":true}]}}