{"id":51927,"date":"2025-06-06T13:11:07","date_gmt":"2025-06-06T10:11:07","guid":{"rendered":"https:\/\/www.radiomarket.fi\/?post_type=product&#038;p=51927"},"modified":"2025-06-06T13:25:00","modified_gmt":"2025-06-06T10:25:00","slug":"ekum3822-5500-khz-kela","status":"publish","type":"product","link":"https:\/\/www.radiomarket.fi\/en\/kohde\/ekum3822-5500-khz-kela\/","title":{"rendered":"EKUM3822 5500 kHz kela"},"content":{"rendered":"<p>P\u00e4\u00e4s\u00e4\u00e4nt\u00f6isesti k\u00e4ytettyj\u00e4 keloja. Tuotekuva otettu 5mm pohjalla. Tank coil c357 5500 kHz<\/p>","protected":false},"excerpt":{"rendered":"<p>P\u00e4\u00e4s\u00e4\u00e4nt\u00f6isesti k\u00e4ytettyj\u00e4 keloja. Tuotekuva otettu 5mm pohjalla. Tank coil c357 5500 kHz<\/p>","protected":false},"featured_media":51928,"template":"","meta":[],"_links":{"self":[{"href":"https:\/\/www.radiomarket.fi\/en\/wp-json\/wp\/v2\/product\/51927"}],"collection":[{"href":"https:\/\/www.radiomarket.fi\/en\/wp-json\/wp\/v2\/product"}],"about":[{"href":"https:\/\/www.radiomarket.fi\/en\/wp-json\/wp\/v2\/types\/product"}],"wp:featuredmedia":[{"embeddable":true,"href":"https:\/\/www.radiomarket.fi\/en\/wp-json\/wp\/v2\/media\/51928"}],"wp:attachment":[{"href":"https:\/\/www.radiomarket.fi\/en\/wp-json\/wp\/v2\/media?parent=51927"}],"curies":[{"name":"wp","href":"https:\/\/api.w.org\/{rel}","templated":true}]}}