{"id":51971,"date":"2025-06-07T14:57:10","date_gmt":"2025-06-07T11:57:10","guid":{"rendered":"https:\/\/www.radiomarket.fi\/?post_type=product&#038;p=51971"},"modified":"2025-06-27T11:59:34","modified_gmt":"2025-06-27T08:59:34","slug":"ekum4001-103ts103bn","status":"publish","type":"product","link":"https:\/\/www.radiomarket.fi\/en\/kohde\/ekum4001-103ts103bn\/","title":{"rendered":"EKUM4001 103TS103B"},"content":{"rendered":"<p>Paristokotelon luukku tallessa. Testattu 6\/2025, l\u00e4hett\u00e4\u00e4. Paristot eiv\u00e4t sis\u00e4lly kauppaan.<\/p>","protected":false},"excerpt":{"rendered":"<p>Paristokotelon luukku tallessa. Testattu 6\/2025, l\u00e4hett\u00e4\u00e4. Paristot eiv\u00e4t sis\u00e4lly kauppaan.<\/p>","protected":false},"featured_media":51975,"template":"","meta":[],"_links":{"self":[{"href":"https:\/\/www.radiomarket.fi\/en\/wp-json\/wp\/v2\/product\/51971"}],"collection":[{"href":"https:\/\/www.radiomarket.fi\/en\/wp-json\/wp\/v2\/product"}],"about":[{"href":"https:\/\/www.radiomarket.fi\/en\/wp-json\/wp\/v2\/types\/product"}],"wp:featuredmedia":[{"embeddable":true,"href":"https:\/\/www.radiomarket.fi\/en\/wp-json\/wp\/v2\/media\/51975"}],"wp:attachment":[{"href":"https:\/\/www.radiomarket.fi\/en\/wp-json\/wp\/v2\/media?parent=51971"}],"curies":[{"name":"wp","href":"https:\/\/api.w.org\/{rel}","templated":true}]}}