{"id":52005,"date":"2025-06-10T15:14:32","date_gmt":"2025-06-10T12:14:32","guid":{"rendered":"https:\/\/www.radiomarket.fi\/?post_type=product&#038;p=52005"},"modified":"2025-06-27T12:07:53","modified_gmt":"2025-06-27T09:07:53","slug":"ekum4004-united-dvd-3056m","status":"publish","type":"product","link":"https:\/\/www.radiomarket.fi\/en\/kohde\/ekum4004-united-dvd-3056m\/","title":{"rendered":"EKUM4004 UNITED DVD 3056M"},"content":{"rendered":"<p>Paristokotelon luukku ei tallessa. Testattu 6\/2025, ei l\u00e4het\u00e4. Paristot eiv\u00e4t sis\u00e4lly kauppaan.<\/p>","protected":false},"excerpt":{"rendered":"<p>Paristokotelon luukku ei tallessa. Testattu 6\/2025, ei l\u00e4het\u00e4. Paristot eiv\u00e4t sis\u00e4lly kauppaan.<\/p>","protected":false},"featured_media":51999,"template":"","meta":[],"_links":{"self":[{"href":"https:\/\/www.radiomarket.fi\/en\/wp-json\/wp\/v2\/product\/52005"}],"collection":[{"href":"https:\/\/www.radiomarket.fi\/en\/wp-json\/wp\/v2\/product"}],"about":[{"href":"https:\/\/www.radiomarket.fi\/en\/wp-json\/wp\/v2\/types\/product"}],"wp:featuredmedia":[{"embeddable":true,"href":"https:\/\/www.radiomarket.fi\/en\/wp-json\/wp\/v2\/media\/51999"}],"wp:attachment":[{"href":"https:\/\/www.radiomarket.fi\/en\/wp-json\/wp\/v2\/media?parent=52005"}],"curies":[{"name":"wp","href":"https:\/\/api.w.org\/{rel}","templated":true}]}}