{"id":52017,"date":"2025-06-10T15:43:43","date_gmt":"2025-06-10T12:43:43","guid":{"rendered":"https:\/\/www.radiomarket.fi\/?post_type=product&#038;p=52017"},"modified":"2025-06-27T12:14:22","modified_gmt":"2025-06-27T09:14:22","slug":"ekum4007","status":"publish","type":"product","link":"https:\/\/www.radiomarket.fi\/en\/kohde\/ekum4007\/","title":{"rendered":"EKUM4007"},"content":{"rendered":"<p>Paristokotelon luukku ei ole tallessa. Testattu 6\/2025,\u00a0 ei l\u00e4het\u00e4. Paristot eiv\u00e4t sis\u00e4lly kauppaan.<\/p>","protected":false},"excerpt":{"rendered":"<p>Paristokotelon luukku ei ole tallessa. Testattu 6\/2025,\u00a0 ei l\u00e4het\u00e4. Paristot eiv\u00e4t sis\u00e4lly kauppaan.<\/p>","protected":false},"featured_media":52018,"template":"","meta":[],"_links":{"self":[{"href":"https:\/\/www.radiomarket.fi\/en\/wp-json\/wp\/v2\/product\/52017"}],"collection":[{"href":"https:\/\/www.radiomarket.fi\/en\/wp-json\/wp\/v2\/product"}],"about":[{"href":"https:\/\/www.radiomarket.fi\/en\/wp-json\/wp\/v2\/types\/product"}],"wp:featuredmedia":[{"embeddable":true,"href":"https:\/\/www.radiomarket.fi\/en\/wp-json\/wp\/v2\/media\/52018"}],"wp:attachment":[{"href":"https:\/\/www.radiomarket.fi\/en\/wp-json\/wp\/v2\/media?parent=52017"}],"curies":[{"name":"wp","href":"https:\/\/api.w.org\/{rel}","templated":true}]}}