{"id":52098,"date":"2025-06-18T11:23:27","date_gmt":"2025-06-18T08:23:27","guid":{"rendered":"https:\/\/www.radiomarket.fi\/?post_type=product&#038;p=52098"},"modified":"2025-06-18T11:26:01","modified_gmt":"2025-06-18T08:26:01","slug":"ekum3835-6705-55-khz-kide","status":"publish","type":"product","link":"https:\/\/www.radiomarket.fi\/en\/kohde\/ekum3835-6705-55-khz-kide\/","title":{"rendered":"EKUM3835 6705.55 kHz Kide"},"content":{"rendered":"<p>P\u00e4\u00e4s\u00e4\u00e4nt\u00f6isesti k\u00e4ytettyj\u00e4 kiteit\u00e4. Tuotekuva otettu 5mm pohjalla.<\/p>","protected":false},"excerpt":{"rendered":"<p>P\u00e4\u00e4s\u00e4\u00e4nt\u00f6isesti k\u00e4ytettyj\u00e4 kiteit\u00e4. Tuotekuva otettu 5mm pohjalla.<\/p>","protected":false},"featured_media":52099,"template":"","meta":[],"_links":{"self":[{"href":"https:\/\/www.radiomarket.fi\/en\/wp-json\/wp\/v2\/product\/52098"}],"collection":[{"href":"https:\/\/www.radiomarket.fi\/en\/wp-json\/wp\/v2\/product"}],"about":[{"href":"https:\/\/www.radiomarket.fi\/en\/wp-json\/wp\/v2\/types\/product"}],"wp:featuredmedia":[{"embeddable":true,"href":"https:\/\/www.radiomarket.fi\/en\/wp-json\/wp\/v2\/media\/52099"}],"wp:attachment":[{"href":"https:\/\/www.radiomarket.fi\/en\/wp-json\/wp\/v2\/media?parent=52098"}],"curies":[{"name":"wp","href":"https:\/\/api.w.org\/{rel}","templated":true}]}}