{"id":52100,"date":"2025-06-18T11:27:51","date_gmt":"2025-06-18T08:27:51","guid":{"rendered":"https:\/\/www.radiomarket.fi\/?post_type=product&#038;p=52100"},"modified":"2025-06-18T11:28:48","modified_gmt":"2025-06-18T08:28:48","slug":"ekum3836-6750-khz-kide","status":"publish","type":"product","link":"https:\/\/www.radiomarket.fi\/en\/kohde\/ekum3836-6750-khz-kide\/","title":{"rendered":"EKUM3836 6750 kHz Kide"},"content":{"rendered":"<p>P\u00e4\u00e4s\u00e4\u00e4nt\u00f6isesti k\u00e4ytettyj\u00e4 kiteit\u00e4. Tuotekuva otettu 5mm pohjalla.<\/p>","protected":false},"excerpt":{"rendered":"<p>P\u00e4\u00e4s\u00e4\u00e4nt\u00f6isesti k\u00e4ytettyj\u00e4 kiteit\u00e4. Tuotekuva otettu 5mm pohjalla.<\/p>","protected":false},"featured_media":52101,"template":"","meta":[],"_links":{"self":[{"href":"https:\/\/www.radiomarket.fi\/en\/wp-json\/wp\/v2\/product\/52100"}],"collection":[{"href":"https:\/\/www.radiomarket.fi\/en\/wp-json\/wp\/v2\/product"}],"about":[{"href":"https:\/\/www.radiomarket.fi\/en\/wp-json\/wp\/v2\/types\/product"}],"wp:featuredmedia":[{"embeddable":true,"href":"https:\/\/www.radiomarket.fi\/en\/wp-json\/wp\/v2\/media\/52101"}],"wp:attachment":[{"href":"https:\/\/www.radiomarket.fi\/en\/wp-json\/wp\/v2\/media?parent=52100"}],"curies":[{"name":"wp","href":"https:\/\/api.w.org\/{rel}","templated":true}]}}