{"id":52116,"date":"2025-06-18T14:02:34","date_gmt":"2025-06-18T11:02:34","guid":{"rendered":"https:\/\/www.radiomarket.fi\/?post_type=product&#038;p=52116"},"modified":"2025-06-19T10:10:53","modified_gmt":"2025-06-19T07:10:53","slug":"ekum3844-2854-khz-1427-khz-kide","status":"publish","type":"product","link":"https:\/\/www.radiomarket.fi\/en\/kohde\/ekum3844-2854-khz-1427-khz-kide\/","title":{"rendered":"EKUM3844 2854 kHz \/ 1427 kHz Kide"},"content":{"rendered":"<p>P\u00e4\u00e4s\u00e4\u00e4nt\u00f6isesti k\u00e4ytettyj\u00e4 kiteit\u00e4. Tuotekuva otettu 5mm pohjalla.<\/p>","protected":false},"excerpt":{"rendered":"<p>P\u00e4\u00e4s\u00e4\u00e4nt\u00f6isesti k\u00e4ytettyj\u00e4 kiteit\u00e4. Tuotekuva otettu 5mm pohjalla.<\/p>","protected":false},"featured_media":52117,"template":"","meta":[],"_links":{"self":[{"href":"https:\/\/www.radiomarket.fi\/en\/wp-json\/wp\/v2\/product\/52116"}],"collection":[{"href":"https:\/\/www.radiomarket.fi\/en\/wp-json\/wp\/v2\/product"}],"about":[{"href":"https:\/\/www.radiomarket.fi\/en\/wp-json\/wp\/v2\/types\/product"}],"wp:featuredmedia":[{"embeddable":true,"href":"https:\/\/www.radiomarket.fi\/en\/wp-json\/wp\/v2\/media\/52117"}],"wp:attachment":[{"href":"https:\/\/www.radiomarket.fi\/en\/wp-json\/wp\/v2\/media?parent=52116"}],"curies":[{"name":"wp","href":"https:\/\/api.w.org\/{rel}","templated":true}]}}