{"id":52244,"date":"2025-06-24T12:20:05","date_gmt":"2025-06-24T09:20:05","guid":{"rendered":"https:\/\/www.radiomarket.fi\/?post_type=product&#038;p=52244"},"modified":"2025-06-24T12:57:09","modified_gmt":"2025-06-24T09:57:09","slug":"ekum4015-jvc-rm-c54","status":"publish","type":"product","link":"https:\/\/www.radiomarket.fi\/en\/kohde\/ekum4015-jvc-rm-c54\/","title":{"rendered":"EKUM4015 JVC RM-C54"},"content":{"rendered":"<p>Paristokotelon luukku tallessa. Testattu 6\/2025 l\u00e4hett\u00e4\u00e4. Paristot eiv\u00e4t sis\u00e4lly kauppaan.\u00a0<\/p>","protected":false},"excerpt":{"rendered":"<p>Paristokotelon luukku tallessa. Testattu 6\/2025 l\u00e4hett\u00e4\u00e4. Paristot eiv\u00e4t sis\u00e4lly kauppaan.\u00a0<\/p>","protected":false},"featured_media":52248,"template":"","meta":[],"_links":{"self":[{"href":"https:\/\/www.radiomarket.fi\/en\/wp-json\/wp\/v2\/product\/52244"}],"collection":[{"href":"https:\/\/www.radiomarket.fi\/en\/wp-json\/wp\/v2\/product"}],"about":[{"href":"https:\/\/www.radiomarket.fi\/en\/wp-json\/wp\/v2\/types\/product"}],"wp:featuredmedia":[{"embeddable":true,"href":"https:\/\/www.radiomarket.fi\/en\/wp-json\/wp\/v2\/media\/52248"}],"wp:attachment":[{"href":"https:\/\/www.radiomarket.fi\/en\/wp-json\/wp\/v2\/media?parent=52244"}],"curies":[{"name":"wp","href":"https:\/\/api.w.org\/{rel}","templated":true}]}}